{"id":851,"date":"2020-02-18T21:18:34","date_gmt":"2020-02-18T21:18:34","guid":{"rendered":"https:\/\/www.ascef.com\/la-empresa-familiar\/en-cifras\/"},"modified":"2020-02-28T08:43:52","modified_gmt":"2020-02-28T08:43:52","slug":"en-cifras","status":"publish","type":"page","link":"https:\/\/www.ascef.com\/es\/la-empresa-familiar\/en-cifras\/","title":{"rendered":"En cifras"},"content":{"rendered":"<ul>\n<li>Las empresas familiares en Catalu\u00f1a suponen el 88,3% de la totalidad de las empresas privadas, contribuyen con el 69% del Valor A\u00f1adido Bruto (VAB) y generan el 76% de los puestos de trabajo privados.<\/li>\n<li>Las empresas familiares aportan m\u00e1s ocupaci\u00f3n por un mismo nivel de ventas que otras empresas. Por cada mill\u00f3n de facturaci\u00f3n se mantienen 9 puestos de trabajo.<\/li>\n<li>La segunda generaci\u00f3n tiene una mayor presencia, tanto en la propiedad como en la direcci\u00f3n.<\/li>\n<li>La media de trabajadores de una empresa familiar es de 45 personas.<\/li>\n<li>Cerca del 5% de las empresas familiares son centenarias.<\/li>\n<li>El 80% de las ventas se realiza en \u00e1mbito nacional.<\/li>\n<li>La exportaci\u00f3n supone el 20% de las ventas. El principal mercado exterior es el europeo.<\/li>\n<li>El 74% de los empresarios\u00a0 consideran que la naturaleza familiar es un elemento que favorece su competitividad<\/li>\n<\/ul>\n","protected":false},"excerpt":{"rendered":"<p>Las empresas familiares en Catalu\u00f1a suponen el 88,3% de la totalidad de las empresas privadas, contribuyen con el 69% del Valor A\u00f1adido Bruto (VAB) y generan el 76% de los puestos de trabajo privados. Las empresas familiares aportan m\u00e1s ocupaci\u00f3n por un mismo nivel de ventas que otras empresas. Por cada mill\u00f3n de facturaci\u00f3n se [&hellip;]<\/p>\n","protected":false},"author":1,"featured_media":0,"parent":850,"menu_order":0,"comment_status":"closed","ping_status":"closed","template":"page-enxifres.php","meta":{"_acf_changed":false,"footnotes":""},"class_list":["post-851","page","type-page","status-publish","hentry"],"acf":[],"yoast_head":"<!-- This site is optimized with the Yoast SEO plugin v27.4 - https:\/\/yoast.com\/product\/yoast-seo-wordpress\/ -->\n<title>En cifras - ASCEF<\/title>\n<meta name=\"robots\" content=\"index, follow, max-snippet:-1, max-image-preview:large, max-video-preview:-1\" \/>\n<link rel=\"canonical\" href=\"https:\/\/www.ascef.com\/es\/la-empresa-familiar\/en-cifras\/\" \/>\n<meta property=\"og:locale\" content=\"es_ES\" \/>\n<meta property=\"og:type\" content=\"article\" \/>\n<meta property=\"og:title\" content=\"En cifras - ASCEF\" \/>\n<meta property=\"og:description\" content=\"Las empresas familiares en Catalu\u00f1a suponen el 88,3% de la totalidad de las empresas privadas, contribuyen con el 69% del Valor A\u00f1adido Bruto (VAB) y generan el 76% de los puestos de trabajo privados. Las empresas familiares aportan m\u00e1s ocupaci\u00f3n por un mismo nivel de ventas que otras empresas. Por cada mill\u00f3n de facturaci\u00f3n se [&hellip;]\" \/>\n<meta property=\"og:url\" content=\"https:\/\/www.ascef.com\/es\/la-empresa-familiar\/en-cifras\/\" \/>\n<meta property=\"og:site_name\" content=\"ASCEF\" \/>\n<meta property=\"article:modified_time\" content=\"2020-02-28T08:43:52+00:00\" \/>\n<meta name=\"twitter:card\" content=\"summary_large_image\" \/>\n<meta name=\"twitter:label1\" content=\"Tiempo de lectura\" \/>\n\t<meta name=\"twitter:data1\" content=\"1 minuto\" \/>\n<script type=\"application\/ld+json\" class=\"yoast-schema-graph\">{\"@context\":\"https:\\\/\\\/schema.org\",\"@graph\":[{\"@type\":\"WebPage\",\"@id\":\"https:\\\/\\\/www.ascef.com\\\/es\\\/la-empresa-familiar\\\/en-cifras\\\/\",\"url\":\"https:\\\/\\\/www.ascef.com\\\/es\\\/la-empresa-familiar\\\/en-cifras\\\/\",\"name\":\"En cifras - ASCEF\",\"isPartOf\":{\"@id\":\"https:\\\/\\\/www.ascef.com\\\/es\\\/#website\"},\"datePublished\":\"2020-02-18T21:18:34+00:00\",\"dateModified\":\"2020-02-28T08:43:52+00:00\",\"breadcrumb\":{\"@id\":\"https:\\\/\\\/www.ascef.com\\\/es\\\/la-empresa-familiar\\\/en-cifras\\\/#breadcrumb\"},\"inLanguage\":\"es\",\"potentialAction\":[{\"@type\":\"ReadAction\",\"target\":[\"https:\\\/\\\/www.ascef.com\\\/es\\\/la-empresa-familiar\\\/en-cifras\\\/\"]}]},{\"@type\":\"BreadcrumbList\",\"@id\":\"https:\\\/\\\/www.ascef.com\\\/es\\\/la-empresa-familiar\\\/en-cifras\\\/#breadcrumb\",\"itemListElement\":[{\"@type\":\"ListItem\",\"position\":1,\"name\":\"Portada\",\"item\":\"https:\\\/\\\/www.ascef.com\\\/es\\\/\"},{\"@type\":\"ListItem\",\"position\":2,\"name\":\"La empresa familiar\",\"item\":\"https:\\\/\\\/www.ascef.com\\\/es\\\/la-empresa-familiar\\\/\"},{\"@type\":\"ListItem\",\"position\":3,\"name\":\"En cifras\"}]},{\"@type\":\"WebSite\",\"@id\":\"https:\\\/\\\/www.ascef.com\\\/es\\\/#website\",\"url\":\"https:\\\/\\\/www.ascef.com\\\/es\\\/\",\"name\":\"ASCEF\",\"description\":\"Associaci\u00f3 Catalana de l\u2019Empresa Familiar\",\"potentialAction\":[{\"@type\":\"SearchAction\",\"target\":{\"@type\":\"EntryPoint\",\"urlTemplate\":\"https:\\\/\\\/www.ascef.com\\\/es\\\/?s={search_term_string}\"},\"query-input\":{\"@type\":\"PropertyValueSpecification\",\"valueRequired\":true,\"valueName\":\"search_term_string\"}}],\"inLanguage\":\"es\"}]}<\/script>\n<!-- \/ Yoast SEO plugin. -->","yoast_head_json":{"title":"En cifras - ASCEF","robots":{"index":"index","follow":"follow","max-snippet":"max-snippet:-1","max-image-preview":"max-image-preview:large","max-video-preview":"max-video-preview:-1"},"canonical":"https:\/\/www.ascef.com\/es\/la-empresa-familiar\/en-cifras\/","og_locale":"es_ES","og_type":"article","og_title":"En cifras - ASCEF","og_description":"Las empresas familiares en Catalu\u00f1a suponen el 88,3% de la totalidad de las empresas privadas, contribuyen con el 69% del Valor A\u00f1adido Bruto (VAB) y generan el 76% de los puestos de trabajo privados. Las empresas familiares aportan m\u00e1s ocupaci\u00f3n por un mismo nivel de ventas que otras empresas. Por cada mill\u00f3n de facturaci\u00f3n se [&hellip;]","og_url":"https:\/\/www.ascef.com\/es\/la-empresa-familiar\/en-cifras\/","og_site_name":"ASCEF","article_modified_time":"2020-02-28T08:43:52+00:00","twitter_card":"summary_large_image","twitter_misc":{"Tiempo de lectura":"1 minuto"},"schema":{"@context":"https:\/\/schema.org","@graph":[{"@type":"WebPage","@id":"https:\/\/www.ascef.com\/es\/la-empresa-familiar\/en-cifras\/","url":"https:\/\/www.ascef.com\/es\/la-empresa-familiar\/en-cifras\/","name":"En cifras - ASCEF","isPartOf":{"@id":"https:\/\/www.ascef.com\/es\/#website"},"datePublished":"2020-02-18T21:18:34+00:00","dateModified":"2020-02-28T08:43:52+00:00","breadcrumb":{"@id":"https:\/\/www.ascef.com\/es\/la-empresa-familiar\/en-cifras\/#breadcrumb"},"inLanguage":"es","potentialAction":[{"@type":"ReadAction","target":["https:\/\/www.ascef.com\/es\/la-empresa-familiar\/en-cifras\/"]}]},{"@type":"BreadcrumbList","@id":"https:\/\/www.ascef.com\/es\/la-empresa-familiar\/en-cifras\/#breadcrumb","itemListElement":[{"@type":"ListItem","position":1,"name":"Portada","item":"https:\/\/www.ascef.com\/es\/"},{"@type":"ListItem","position":2,"name":"La empresa familiar","item":"https:\/\/www.ascef.com\/es\/la-empresa-familiar\/"},{"@type":"ListItem","position":3,"name":"En cifras"}]},{"@type":"WebSite","@id":"https:\/\/www.ascef.com\/es\/#website","url":"https:\/\/www.ascef.com\/es\/","name":"ASCEF","description":"Associaci\u00f3 Catalana de l\u2019Empresa Familiar","potentialAction":[{"@type":"SearchAction","target":{"@type":"EntryPoint","urlTemplate":"https:\/\/www.ascef.com\/es\/?s={search_term_string}"},"query-input":{"@type":"PropertyValueSpecification","valueRequired":true,"valueName":"search_term_string"}}],"inLanguage":"es"}]}},"_links":{"self":[{"href":"https:\/\/www.ascef.com\/es\/wp-json\/wp\/v2\/pages\/851","targetHints":{"allow":["GET"]}}],"collection":[{"href":"https:\/\/www.ascef.com\/es\/wp-json\/wp\/v2\/pages"}],"about":[{"href":"https:\/\/www.ascef.com\/es\/wp-json\/wp\/v2\/types\/page"}],"author":[{"embeddable":true,"href":"https:\/\/www.ascef.com\/es\/wp-json\/wp\/v2\/users\/1"}],"replies":[{"embeddable":true,"href":"https:\/\/www.ascef.com\/es\/wp-json\/wp\/v2\/comments?post=851"}],"version-history":[{"count":7,"href":"https:\/\/www.ascef.com\/es\/wp-json\/wp\/v2\/pages\/851\/revisions"}],"predecessor-version":[{"id":1135,"href":"https:\/\/www.ascef.com\/es\/wp-json\/wp\/v2\/pages\/851\/revisions\/1135"}],"up":[{"embeddable":true,"href":"https:\/\/www.ascef.com\/es\/wp-json\/wp\/v2\/pages\/850"}],"wp:attachment":[{"href":"https:\/\/www.ascef.com\/es\/wp-json\/wp\/v2\/media?parent=851"}],"curies":[{"name":"wp","href":"https:\/\/api.w.org\/{rel}","templated":true}]}}