{"id":835,"date":"2020-02-18T21:02:55","date_gmt":"2020-02-18T21:02:55","guid":{"rendered":"https:\/\/www.ascef.com\/conocimiento\/catedras\/"},"modified":"2020-02-27T23:40:01","modified_gmt":"2020-02-27T23:40:01","slug":"catedras","status":"publish","type":"page","link":"https:\/\/www.ascef.com\/es\/catedras\/","title":{"rendered":"C\u00e1tedras"},"content":{"rendered":"<p>La ASCEF forma parte de una red de C\u00e1tedras de Empresa Familiar en todo el Estado e impulsa 5 en Catalu\u00f1a en las Universidades de Barcelona, Girona, Lleida, Abat Oliba CEU y la Universidad Internacional de Catalu\u00f1a. Estas c\u00e1tedras trabajan para aproximar los centros universitarios a la realidad del tejido empresarial catal\u00e1n. Tambi\u00e9n tienen como objetivo fomentar y promover la creaci\u00f3n de empresas y el emprendimiento, as\u00ed como la gesti\u00f3n de conocimiento.<\/p>\n<p>En estas c\u00e1tedras (la primera naci\u00f3 en el a\u00f1o 1998) se encuentran implicados m\u00e1s de 25 docentes y ya se han formado 400 alumnos.<\/p>\n","protected":false},"excerpt":{"rendered":"<p>La ASCEF forma parte de una red de C\u00e1tedras de Empresa Familiar en todo el Estado e impulsa 5 en Catalu\u00f1a en las Universidades de Barcelona, Girona, Lleida, Abat Oliba CEU y la Universidad Internacional de Catalu\u00f1a. Estas c\u00e1tedras trabajan para aproximar los centros universitarios a la realidad del tejido empresarial catal\u00e1n. Tambi\u00e9n tienen como [&hellip;]<\/p>\n","protected":false},"author":1,"featured_media":0,"parent":0,"menu_order":0,"comment_status":"closed","ping_status":"closed","template":"page-catedres.php","meta":{"_acf_changed":false,"footnotes":""},"class_list":["post-835","page","type-page","status-publish","hentry"],"acf":[],"yoast_head":"<!-- This site is optimized with the Yoast SEO plugin v27.6 - https:\/\/yoast.com\/product\/yoast-seo-wordpress\/ -->\n<title>C\u00e1tedras - ASCEF<\/title>\n<meta name=\"robots\" content=\"index, follow, max-snippet:-1, max-image-preview:large, max-video-preview:-1\" \/>\n<link rel=\"canonical\" href=\"https:\/\/www.ascef.com\/es\/catedras\/\" \/>\n<meta property=\"og:locale\" content=\"es_ES\" \/>\n<meta property=\"og:type\" content=\"article\" \/>\n<meta property=\"og:title\" content=\"C\u00e1tedras - ASCEF\" \/>\n<meta property=\"og:description\" content=\"La ASCEF forma parte de una red de C\u00e1tedras de Empresa Familiar en todo el Estado e impulsa 5 en Catalu\u00f1a en las Universidades de Barcelona, Girona, Lleida, Abat Oliba CEU y la Universidad Internacional de Catalu\u00f1a. Estas c\u00e1tedras trabajan para aproximar los centros universitarios a la realidad del tejido empresarial catal\u00e1n. Tambi\u00e9n tienen como [&hellip;]\" \/>\n<meta property=\"og:url\" content=\"https:\/\/www.ascef.com\/es\/catedras\/\" \/>\n<meta property=\"og:site_name\" content=\"ASCEF\" \/>\n<meta property=\"article:modified_time\" content=\"2020-02-27T23:40:01+00:00\" \/>\n<meta name=\"twitter:card\" content=\"summary_large_image\" \/>\n<meta name=\"twitter:label1\" content=\"Tiempo de lectura\" \/>\n\t<meta name=\"twitter:data1\" content=\"1 minuto\" \/>\n<script type=\"application\/ld+json\" class=\"yoast-schema-graph\">{\"@context\":\"https:\\\/\\\/schema.org\",\"@graph\":[{\"@type\":\"WebPage\",\"@id\":\"https:\\\/\\\/www.ascef.com\\\/es\\\/catedras\\\/\",\"url\":\"https:\\\/\\\/www.ascef.com\\\/es\\\/catedras\\\/\",\"name\":\"C\u00e1tedras - ASCEF\",\"isPartOf\":{\"@id\":\"https:\\\/\\\/www.ascef.com\\\/es\\\/#website\"},\"datePublished\":\"2020-02-18T21:02:55+00:00\",\"dateModified\":\"2020-02-27T23:40:01+00:00\",\"breadcrumb\":{\"@id\":\"https:\\\/\\\/www.ascef.com\\\/es\\\/catedras\\\/#breadcrumb\"},\"inLanguage\":\"es\",\"potentialAction\":[{\"@type\":\"ReadAction\",\"target\":[\"https:\\\/\\\/www.ascef.com\\\/es\\\/catedras\\\/\"]}]},{\"@type\":\"BreadcrumbList\",\"@id\":\"https:\\\/\\\/www.ascef.com\\\/es\\\/catedras\\\/#breadcrumb\",\"itemListElement\":[{\"@type\":\"ListItem\",\"position\":1,\"name\":\"Portada\",\"item\":\"https:\\\/\\\/www.ascef.com\\\/es\\\/\"},{\"@type\":\"ListItem\",\"position\":2,\"name\":\"C\u00e1tedras\"}]},{\"@type\":\"WebSite\",\"@id\":\"https:\\\/\\\/www.ascef.com\\\/es\\\/#website\",\"url\":\"https:\\\/\\\/www.ascef.com\\\/es\\\/\",\"name\":\"ASCEF\",\"description\":\"Associaci\u00f3 Catalana de l\u2019Empresa Familiar\",\"potentialAction\":[{\"@type\":\"SearchAction\",\"target\":{\"@type\":\"EntryPoint\",\"urlTemplate\":\"https:\\\/\\\/www.ascef.com\\\/es\\\/?s={search_term_string}\"},\"query-input\":{\"@type\":\"PropertyValueSpecification\",\"valueRequired\":true,\"valueName\":\"search_term_string\"}}],\"inLanguage\":\"es\"}]}<\/script>\n<!-- \/ Yoast SEO plugin. -->","yoast_head_json":{"title":"C\u00e1tedras - ASCEF","robots":{"index":"index","follow":"follow","max-snippet":"max-snippet:-1","max-image-preview":"max-image-preview:large","max-video-preview":"max-video-preview:-1"},"canonical":"https:\/\/www.ascef.com\/es\/catedras\/","og_locale":"es_ES","og_type":"article","og_title":"C\u00e1tedras - ASCEF","og_description":"La ASCEF forma parte de una red de C\u00e1tedras de Empresa Familiar en todo el Estado e impulsa 5 en Catalu\u00f1a en las Universidades de Barcelona, Girona, Lleida, Abat Oliba CEU y la Universidad Internacional de Catalu\u00f1a. Estas c\u00e1tedras trabajan para aproximar los centros universitarios a la realidad del tejido empresarial catal\u00e1n. Tambi\u00e9n tienen como [&hellip;]","og_url":"https:\/\/www.ascef.com\/es\/catedras\/","og_site_name":"ASCEF","article_modified_time":"2020-02-27T23:40:01+00:00","twitter_card":"summary_large_image","twitter_misc":{"Tiempo de lectura":"1 minuto"},"schema":{"@context":"https:\/\/schema.org","@graph":[{"@type":"WebPage","@id":"https:\/\/www.ascef.com\/es\/catedras\/","url":"https:\/\/www.ascef.com\/es\/catedras\/","name":"C\u00e1tedras - ASCEF","isPartOf":{"@id":"https:\/\/www.ascef.com\/es\/#website"},"datePublished":"2020-02-18T21:02:55+00:00","dateModified":"2020-02-27T23:40:01+00:00","breadcrumb":{"@id":"https:\/\/www.ascef.com\/es\/catedras\/#breadcrumb"},"inLanguage":"es","potentialAction":[{"@type":"ReadAction","target":["https:\/\/www.ascef.com\/es\/catedras\/"]}]},{"@type":"BreadcrumbList","@id":"https:\/\/www.ascef.com\/es\/catedras\/#breadcrumb","itemListElement":[{"@type":"ListItem","position":1,"name":"Portada","item":"https:\/\/www.ascef.com\/es\/"},{"@type":"ListItem","position":2,"name":"C\u00e1tedras"}]},{"@type":"WebSite","@id":"https:\/\/www.ascef.com\/es\/#website","url":"https:\/\/www.ascef.com\/es\/","name":"ASCEF","description":"Associaci\u00f3 Catalana de l\u2019Empresa Familiar","potentialAction":[{"@type":"SearchAction","target":{"@type":"EntryPoint","urlTemplate":"https:\/\/www.ascef.com\/es\/?s={search_term_string}"},"query-input":{"@type":"PropertyValueSpecification","valueRequired":true,"valueName":"search_term_string"}}],"inLanguage":"es"}]}},"_links":{"self":[{"href":"https:\/\/www.ascef.com\/es\/wp-json\/wp\/v2\/pages\/835","targetHints":{"allow":["GET"]}}],"collection":[{"href":"https:\/\/www.ascef.com\/es\/wp-json\/wp\/v2\/pages"}],"about":[{"href":"https:\/\/www.ascef.com\/es\/wp-json\/wp\/v2\/types\/page"}],"author":[{"embeddable":true,"href":"https:\/\/www.ascef.com\/es\/wp-json\/wp\/v2\/users\/1"}],"replies":[{"embeddable":true,"href":"https:\/\/www.ascef.com\/es\/wp-json\/wp\/v2\/comments?post=835"}],"version-history":[{"count":3,"href":"https:\/\/www.ascef.com\/es\/wp-json\/wp\/v2\/pages\/835\/revisions"}],"predecessor-version":[{"id":1127,"href":"https:\/\/www.ascef.com\/es\/wp-json\/wp\/v2\/pages\/835\/revisions\/1127"}],"wp:attachment":[{"href":"https:\/\/www.ascef.com\/es\/wp-json\/wp\/v2\/media?parent=835"}],"curies":[{"name":"wp","href":"https:\/\/api.w.org\/{rel}","templated":true}]}}