{"id":833,"date":"2020-02-18T21:01:23","date_gmt":"2020-02-18T21:01:23","guid":{"rendered":"https:\/\/www.ascef.com\/ascef\/quien-somos\/"},"modified":"2025-07-17T11:12:51","modified_gmt":"2025-07-17T11:12:51","slug":"quien-somos","status":"publish","type":"page","link":"https:\/\/www.ascef.com\/es\/quien-somos\/","title":{"rendered":"\u00bfQui\u00e9n somos?"},"content":{"rendered":"<p>La Asociaci\u00f3n Catalana de la Empresa Familiar (ASCEF) es una entidad constituida en 1998 amparada por el Instituto de la Empresa Familiar (IEF) y formada por m\u00e1s de 145 empresas representativas del tejido empresarial catal\u00e1n. Las entidades que la forman tienen un papel relevante en la econom\u00eda del pa\u00eds al estar comprometidas con la generaci\u00f3n de riqueza, la ocupaci\u00f3n laboral, el territorio y la sostenibilidad.<\/p>\n<p style=\"text-align: center;\"><a href=\"https:\/\/www.ascef.com\/wp-content\/uploads\/2025\/07\/PRESENTACIO-ASCEF-2025-CASTELLANO.pdf\"><strong>Descarga la presentaci\u00f3n corporativa<\/strong><\/a><\/p>\n","protected":false},"excerpt":{"rendered":"<p>La Asociaci\u00f3n Catalana de la Empresa Familiar (ASCEF) es una entidad constituida en 1998 amparada por el Instituto de la Empresa Familiar (IEF) y formada por m\u00e1s de 145 empresas representativas del tejido empresarial catal\u00e1n. Las entidades que la forman tienen un papel relevante en la econom\u00eda del pa\u00eds al estar comprometidas con la generaci\u00f3n [&hellip;]<\/p>\n","protected":false},"author":1,"featured_media":0,"parent":0,"menu_order":0,"comment_status":"closed","ping_status":"closed","template":"","meta":{"_acf_changed":false,"footnotes":""},"class_list":["post-833","page","type-page","status-publish","hentry"],"acf":[],"yoast_head":"<!-- This site is optimized with the Yoast SEO plugin v27.4 - https:\/\/yoast.com\/product\/yoast-seo-wordpress\/ -->\n<title>\u00bfQui\u00e9n somos? - ASCEF<\/title>\n<meta name=\"robots\" content=\"index, follow, max-snippet:-1, max-image-preview:large, max-video-preview:-1\" \/>\n<link rel=\"canonical\" href=\"https:\/\/www.ascef.com\/es\/quien-somos\/\" \/>\n<meta property=\"og:locale\" content=\"es_ES\" \/>\n<meta property=\"og:type\" content=\"article\" \/>\n<meta property=\"og:title\" content=\"\u00bfQui\u00e9n somos? - ASCEF\" \/>\n<meta property=\"og:description\" content=\"La Asociaci\u00f3n Catalana de la Empresa Familiar (ASCEF) es una entidad constituida en 1998 amparada por el Instituto de la Empresa Familiar (IEF) y formada por m\u00e1s de 145 empresas representativas del tejido empresarial catal\u00e1n. Las entidades que la forman tienen un papel relevante en la econom\u00eda del pa\u00eds al estar comprometidas con la generaci\u00f3n [&hellip;]\" \/>\n<meta property=\"og:url\" content=\"https:\/\/www.ascef.com\/es\/quien-somos\/\" \/>\n<meta property=\"og:site_name\" content=\"ASCEF\" \/>\n<meta property=\"article:modified_time\" content=\"2025-07-17T11:12:51+00:00\" \/>\n<meta name=\"twitter:card\" content=\"summary_large_image\" \/>\n<meta name=\"twitter:label1\" content=\"Tiempo de lectura\" \/>\n\t<meta name=\"twitter:data1\" content=\"1 minuto\" \/>\n<script type=\"application\/ld+json\" class=\"yoast-schema-graph\">{\"@context\":\"https:\\\/\\\/schema.org\",\"@graph\":[{\"@type\":\"WebPage\",\"@id\":\"https:\\\/\\\/www.ascef.com\\\/es\\\/quien-somos\\\/\",\"url\":\"https:\\\/\\\/www.ascef.com\\\/es\\\/quien-somos\\\/\",\"name\":\"\u00bfQui\u00e9n somos? - ASCEF\",\"isPartOf\":{\"@id\":\"https:\\\/\\\/www.ascef.com\\\/es\\\/#website\"},\"datePublished\":\"2020-02-18T21:01:23+00:00\",\"dateModified\":\"2025-07-17T11:12:51+00:00\",\"breadcrumb\":{\"@id\":\"https:\\\/\\\/www.ascef.com\\\/es\\\/quien-somos\\\/#breadcrumb\"},\"inLanguage\":\"es\",\"potentialAction\":[{\"@type\":\"ReadAction\",\"target\":[\"https:\\\/\\\/www.ascef.com\\\/es\\\/quien-somos\\\/\"]}]},{\"@type\":\"BreadcrumbList\",\"@id\":\"https:\\\/\\\/www.ascef.com\\\/es\\\/quien-somos\\\/#breadcrumb\",\"itemListElement\":[{\"@type\":\"ListItem\",\"position\":1,\"name\":\"Portada\",\"item\":\"https:\\\/\\\/www.ascef.com\\\/es\\\/\"},{\"@type\":\"ListItem\",\"position\":2,\"name\":\"\u00bfQui\u00e9n somos?\"}]},{\"@type\":\"WebSite\",\"@id\":\"https:\\\/\\\/www.ascef.com\\\/es\\\/#website\",\"url\":\"https:\\\/\\\/www.ascef.com\\\/es\\\/\",\"name\":\"ASCEF\",\"description\":\"Associaci\u00f3 Catalana de l\u2019Empresa Familiar\",\"potentialAction\":[{\"@type\":\"SearchAction\",\"target\":{\"@type\":\"EntryPoint\",\"urlTemplate\":\"https:\\\/\\\/www.ascef.com\\\/es\\\/?s={search_term_string}\"},\"query-input\":{\"@type\":\"PropertyValueSpecification\",\"valueRequired\":true,\"valueName\":\"search_term_string\"}}],\"inLanguage\":\"es\"}]}<\/script>\n<!-- \/ Yoast SEO plugin. -->","yoast_head_json":{"title":"\u00bfQui\u00e9n somos? - ASCEF","robots":{"index":"index","follow":"follow","max-snippet":"max-snippet:-1","max-image-preview":"max-image-preview:large","max-video-preview":"max-video-preview:-1"},"canonical":"https:\/\/www.ascef.com\/es\/quien-somos\/","og_locale":"es_ES","og_type":"article","og_title":"\u00bfQui\u00e9n somos? - ASCEF","og_description":"La Asociaci\u00f3n Catalana de la Empresa Familiar (ASCEF) es una entidad constituida en 1998 amparada por el Instituto de la Empresa Familiar (IEF) y formada por m\u00e1s de 145 empresas representativas del tejido empresarial catal\u00e1n. Las entidades que la forman tienen un papel relevante en la econom\u00eda del pa\u00eds al estar comprometidas con la generaci\u00f3n [&hellip;]","og_url":"https:\/\/www.ascef.com\/es\/quien-somos\/","og_site_name":"ASCEF","article_modified_time":"2025-07-17T11:12:51+00:00","twitter_card":"summary_large_image","twitter_misc":{"Tiempo de lectura":"1 minuto"},"schema":{"@context":"https:\/\/schema.org","@graph":[{"@type":"WebPage","@id":"https:\/\/www.ascef.com\/es\/quien-somos\/","url":"https:\/\/www.ascef.com\/es\/quien-somos\/","name":"\u00bfQui\u00e9n somos? - ASCEF","isPartOf":{"@id":"https:\/\/www.ascef.com\/es\/#website"},"datePublished":"2020-02-18T21:01:23+00:00","dateModified":"2025-07-17T11:12:51+00:00","breadcrumb":{"@id":"https:\/\/www.ascef.com\/es\/quien-somos\/#breadcrumb"},"inLanguage":"es","potentialAction":[{"@type":"ReadAction","target":["https:\/\/www.ascef.com\/es\/quien-somos\/"]}]},{"@type":"BreadcrumbList","@id":"https:\/\/www.ascef.com\/es\/quien-somos\/#breadcrumb","itemListElement":[{"@type":"ListItem","position":1,"name":"Portada","item":"https:\/\/www.ascef.com\/es\/"},{"@type":"ListItem","position":2,"name":"\u00bfQui\u00e9n somos?"}]},{"@type":"WebSite","@id":"https:\/\/www.ascef.com\/es\/#website","url":"https:\/\/www.ascef.com\/es\/","name":"ASCEF","description":"Associaci\u00f3 Catalana de l\u2019Empresa Familiar","potentialAction":[{"@type":"SearchAction","target":{"@type":"EntryPoint","urlTemplate":"https:\/\/www.ascef.com\/es\/?s={search_term_string}"},"query-input":{"@type":"PropertyValueSpecification","valueRequired":true,"valueName":"search_term_string"}}],"inLanguage":"es"}]}},"_links":{"self":[{"href":"https:\/\/www.ascef.com\/es\/wp-json\/wp\/v2\/pages\/833","targetHints":{"allow":["GET"]}}],"collection":[{"href":"https:\/\/www.ascef.com\/es\/wp-json\/wp\/v2\/pages"}],"about":[{"href":"https:\/\/www.ascef.com\/es\/wp-json\/wp\/v2\/types\/page"}],"author":[{"embeddable":true,"href":"https:\/\/www.ascef.com\/es\/wp-json\/wp\/v2\/users\/1"}],"replies":[{"embeddable":true,"href":"https:\/\/www.ascef.com\/es\/wp-json\/wp\/v2\/comments?post=833"}],"version-history":[{"count":20,"href":"https:\/\/www.ascef.com\/es\/wp-json\/wp\/v2\/pages\/833\/revisions"}],"predecessor-version":[{"id":9891,"href":"https:\/\/www.ascef.com\/es\/wp-json\/wp\/v2\/pages\/833\/revisions\/9891"}],"wp:attachment":[{"href":"https:\/\/www.ascef.com\/es\/wp-json\/wp\/v2\/media?parent=833"}],"curies":[{"name":"wp","href":"https:\/\/api.w.org\/{rel}","templated":true}]}}