{"id":831,"date":"2020-02-18T20:56:37","date_gmt":"2020-02-18T20:56:37","guid":{"rendered":"https:\/\/www.ascef.com\/ascef\/comunidad-ascef\/"},"modified":"2025-06-11T10:24:21","modified_gmt":"2025-06-11T10:24:21","slug":"comunidad-ascef","status":"publish","type":"page","link":"https:\/\/www.ascef.com\/es\/comunidad-ascef\/","title":{"rendered":"Comunidad ASCEF"},"content":{"rendered":"<p>La ASCEF est\u00e1 integrada por m\u00e1s de 145 empresas familiares representativas de los sectores productivos, comercializadores y de servicios, y alcanza todo el \u00e1mbito del territorio de Catalu\u00f1a. Las empresas que forman parte deben tener una trayectoria empresarial de m\u00e1s de 25 a\u00f1os, su composici\u00f3n social accionarial debe ser mayoritariamente familiar y han de tener vocaci\u00f3n de liderazgo en su sector de actividad.<\/p>\n<p>El \u00f3rgano de gobierno es su Junta Directiva formada por 17 miembros y que est\u00e1 presidida por Rosa Tous. La Junta se renueva cada 3 a\u00f1os.<\/p>\n<p>Esta junta est\u00e1 integrada por: Isabel Triginer, Eul\u00e0lia Planes, Ricard Aubert, Ignasi Botet, Miriam F\u00e0bregas, Ana Fisas, Diana Ganduxer, Pedro Knuth, Eva Lluch, Vanesa Mart\u00ednez, Ricard Oller, Francisco Pont, Ariadna Sendra, Albert Borr\u00e0s, Antonio Gallardo y Jaime Grego.<\/p>\n<p>La ASCEF tiene una trayectoria de 25 a\u00f1os de actividad con un destacado papel, tanto en el \u00e1mbito econ\u00f3mico como social. La representatividad de las empresas que forman parte da legitimidad a la entidad que es el punto de encuentro para la transmisi\u00f3n de los valores y la cultura familiar en el entorno laboral.<\/p>\n","protected":false},"excerpt":{"rendered":"<p>La ASCEF est\u00e1 integrada por m\u00e1s de 145 empresas familiares representativas de los sectores productivos, comercializadores y de servicios, y alcanza todo el \u00e1mbito del territorio de Catalu\u00f1a. Las empresas que forman parte deben tener una trayectoria empresarial de m\u00e1s de 25 a\u00f1os, su composici\u00f3n social accionarial debe ser mayoritariamente familiar y han de tener [&hellip;]<\/p>\n","protected":false},"author":1,"featured_media":0,"parent":0,"menu_order":0,"comment_status":"closed","ping_status":"closed","template":"","meta":{"_acf_changed":false,"footnotes":""},"class_list":["post-831","page","type-page","status-publish","hentry"],"acf":[],"yoast_head":"<!-- This site is optimized with the Yoast SEO plugin v27.4 - https:\/\/yoast.com\/product\/yoast-seo-wordpress\/ -->\n<title>Comunidad ASCEF - ASCEF<\/title>\n<meta name=\"robots\" content=\"index, follow, max-snippet:-1, max-image-preview:large, max-video-preview:-1\" \/>\n<link rel=\"canonical\" href=\"https:\/\/www.ascef.com\/es\/comunidad-ascef\/\" \/>\n<meta property=\"og:locale\" content=\"es_ES\" \/>\n<meta property=\"og:type\" content=\"article\" \/>\n<meta property=\"og:title\" content=\"Comunidad ASCEF - ASCEF\" \/>\n<meta property=\"og:description\" content=\"La ASCEF est\u00e1 integrada por m\u00e1s de 145 empresas familiares representativas de los sectores productivos, comercializadores y de servicios, y alcanza todo el \u00e1mbito del territorio de Catalu\u00f1a. Las empresas que forman parte deben tener una trayectoria empresarial de m\u00e1s de 25 a\u00f1os, su composici\u00f3n social accionarial debe ser mayoritariamente familiar y han de tener [&hellip;]\" \/>\n<meta property=\"og:url\" content=\"https:\/\/www.ascef.com\/es\/comunidad-ascef\/\" \/>\n<meta property=\"og:site_name\" content=\"ASCEF\" \/>\n<meta property=\"article:modified_time\" content=\"2025-06-11T10:24:21+00:00\" \/>\n<meta name=\"twitter:card\" content=\"summary_large_image\" \/>\n<meta name=\"twitter:label1\" content=\"Tiempo de lectura\" \/>\n\t<meta name=\"twitter:data1\" content=\"1 minuto\" \/>\n<script type=\"application\/ld+json\" class=\"yoast-schema-graph\">{\"@context\":\"https:\\\/\\\/schema.org\",\"@graph\":[{\"@type\":\"WebPage\",\"@id\":\"https:\\\/\\\/www.ascef.com\\\/es\\\/comunidad-ascef\\\/\",\"url\":\"https:\\\/\\\/www.ascef.com\\\/es\\\/comunidad-ascef\\\/\",\"name\":\"Comunidad ASCEF - ASCEF\",\"isPartOf\":{\"@id\":\"https:\\\/\\\/www.ascef.com\\\/es\\\/#website\"},\"datePublished\":\"2020-02-18T20:56:37+00:00\",\"dateModified\":\"2025-06-11T10:24:21+00:00\",\"breadcrumb\":{\"@id\":\"https:\\\/\\\/www.ascef.com\\\/es\\\/comunidad-ascef\\\/#breadcrumb\"},\"inLanguage\":\"es\",\"potentialAction\":[{\"@type\":\"ReadAction\",\"target\":[\"https:\\\/\\\/www.ascef.com\\\/es\\\/comunidad-ascef\\\/\"]}]},{\"@type\":\"BreadcrumbList\",\"@id\":\"https:\\\/\\\/www.ascef.com\\\/es\\\/comunidad-ascef\\\/#breadcrumb\",\"itemListElement\":[{\"@type\":\"ListItem\",\"position\":1,\"name\":\"Portada\",\"item\":\"https:\\\/\\\/www.ascef.com\\\/es\\\/\"},{\"@type\":\"ListItem\",\"position\":2,\"name\":\"Comunidad ASCEF\"}]},{\"@type\":\"WebSite\",\"@id\":\"https:\\\/\\\/www.ascef.com\\\/es\\\/#website\",\"url\":\"https:\\\/\\\/www.ascef.com\\\/es\\\/\",\"name\":\"ASCEF\",\"description\":\"Associaci\u00f3 Catalana de l\u2019Empresa Familiar\",\"potentialAction\":[{\"@type\":\"SearchAction\",\"target\":{\"@type\":\"EntryPoint\",\"urlTemplate\":\"https:\\\/\\\/www.ascef.com\\\/es\\\/?s={search_term_string}\"},\"query-input\":{\"@type\":\"PropertyValueSpecification\",\"valueRequired\":true,\"valueName\":\"search_term_string\"}}],\"inLanguage\":\"es\"}]}<\/script>\n<!-- \/ Yoast SEO plugin. -->","yoast_head_json":{"title":"Comunidad ASCEF - ASCEF","robots":{"index":"index","follow":"follow","max-snippet":"max-snippet:-1","max-image-preview":"max-image-preview:large","max-video-preview":"max-video-preview:-1"},"canonical":"https:\/\/www.ascef.com\/es\/comunidad-ascef\/","og_locale":"es_ES","og_type":"article","og_title":"Comunidad ASCEF - ASCEF","og_description":"La ASCEF est\u00e1 integrada por m\u00e1s de 145 empresas familiares representativas de los sectores productivos, comercializadores y de servicios, y alcanza todo el \u00e1mbito del territorio de Catalu\u00f1a. Las empresas que forman parte deben tener una trayectoria empresarial de m\u00e1s de 25 a\u00f1os, su composici\u00f3n social accionarial debe ser mayoritariamente familiar y han de tener [&hellip;]","og_url":"https:\/\/www.ascef.com\/es\/comunidad-ascef\/","og_site_name":"ASCEF","article_modified_time":"2025-06-11T10:24:21+00:00","twitter_card":"summary_large_image","twitter_misc":{"Tiempo de lectura":"1 minuto"},"schema":{"@context":"https:\/\/schema.org","@graph":[{"@type":"WebPage","@id":"https:\/\/www.ascef.com\/es\/comunidad-ascef\/","url":"https:\/\/www.ascef.com\/es\/comunidad-ascef\/","name":"Comunidad ASCEF - ASCEF","isPartOf":{"@id":"https:\/\/www.ascef.com\/es\/#website"},"datePublished":"2020-02-18T20:56:37+00:00","dateModified":"2025-06-11T10:24:21+00:00","breadcrumb":{"@id":"https:\/\/www.ascef.com\/es\/comunidad-ascef\/#breadcrumb"},"inLanguage":"es","potentialAction":[{"@type":"ReadAction","target":["https:\/\/www.ascef.com\/es\/comunidad-ascef\/"]}]},{"@type":"BreadcrumbList","@id":"https:\/\/www.ascef.com\/es\/comunidad-ascef\/#breadcrumb","itemListElement":[{"@type":"ListItem","position":1,"name":"Portada","item":"https:\/\/www.ascef.com\/es\/"},{"@type":"ListItem","position":2,"name":"Comunidad ASCEF"}]},{"@type":"WebSite","@id":"https:\/\/www.ascef.com\/es\/#website","url":"https:\/\/www.ascef.com\/es\/","name":"ASCEF","description":"Associaci\u00f3 Catalana de l\u2019Empresa Familiar","potentialAction":[{"@type":"SearchAction","target":{"@type":"EntryPoint","urlTemplate":"https:\/\/www.ascef.com\/es\/?s={search_term_string}"},"query-input":{"@type":"PropertyValueSpecification","valueRequired":true,"valueName":"search_term_string"}}],"inLanguage":"es"}]}},"_links":{"self":[{"href":"https:\/\/www.ascef.com\/es\/wp-json\/wp\/v2\/pages\/831","targetHints":{"allow":["GET"]}}],"collection":[{"href":"https:\/\/www.ascef.com\/es\/wp-json\/wp\/v2\/pages"}],"about":[{"href":"https:\/\/www.ascef.com\/es\/wp-json\/wp\/v2\/types\/page"}],"author":[{"embeddable":true,"href":"https:\/\/www.ascef.com\/es\/wp-json\/wp\/v2\/users\/1"}],"replies":[{"embeddable":true,"href":"https:\/\/www.ascef.com\/es\/wp-json\/wp\/v2\/comments?post=831"}],"version-history":[{"count":22,"href":"https:\/\/www.ascef.com\/es\/wp-json\/wp\/v2\/pages\/831\/revisions"}],"predecessor-version":[{"id":9658,"href":"https:\/\/www.ascef.com\/es\/wp-json\/wp\/v2\/pages\/831\/revisions\/9658"}],"wp:attachment":[{"href":"https:\/\/www.ascef.com\/es\/wp-json\/wp\/v2\/media?parent=831"}],"curies":[{"name":"wp","href":"https:\/\/api.w.org\/{rel}","templated":true}]}}