{"id":829,"date":"2019-12-24T11:17:22","date_gmt":"2019-12-24T11:17:22","guid":{"rendered":"https:\/\/www.ascef.com\/areas-de-actuacion\/"},"modified":"2020-03-30T08:40:58","modified_gmt":"2020-03-30T08:40:58","slug":"arees-actuacio","status":"publish","type":"page","link":"https:\/\/www.ascef.com\/es\/arees-actuacio\/","title":{"rendered":"\u00c1reas de actuaci\u00f3n"},"content":{"rendered":"<p>Como organizaci\u00f3n queremos ofrecer apoyo a las empresas en aquellas \u00e1reas en las que puedan necesitar formaci\u00f3n, informaci\u00f3n y experiencias compartidas. \u00c9stos son algunos de los temas sobre los que trabajamos.<\/p>\n","protected":false},"excerpt":{"rendered":"<p>Como organizaci\u00f3n queremos ofrecer apoyo a las empresas en aquellas \u00e1reas en las que puedan necesitar formaci\u00f3n, informaci\u00f3n y experiencias compartidas. \u00c9stos son algunos de los temas sobre los que trabajamos.<\/p>\n","protected":false},"author":1,"featured_media":0,"parent":0,"menu_order":0,"comment_status":"closed","ping_status":"closed","template":"page-arees.php","meta":{"_acf_changed":false,"footnotes":""},"class_list":["post-829","page","type-page","status-publish","hentry"],"acf":[],"yoast_head":"<!-- This site is optimized with the Yoast SEO plugin v27.4 - https:\/\/yoast.com\/product\/yoast-seo-wordpress\/ -->\n<title>\u00c1reas de actuaci\u00f3n - ASCEF<\/title>\n<meta name=\"description\" content=\"-1375\" \/>\n<meta name=\"robots\" content=\"index, follow, max-snippet:-1, max-image-preview:large, max-video-preview:-1\" \/>\n<link rel=\"canonical\" href=\"https:\/\/www.ascef.com\/es\/arees-actuacio\/\" \/>\n<meta property=\"og:locale\" content=\"es_ES\" \/>\n<meta property=\"og:type\" content=\"article\" \/>\n<meta property=\"og:title\" content=\"\u00c1reas de actuaci\u00f3n - ASCEF\" \/>\n<meta property=\"og:description\" content=\"-1375\" \/>\n<meta property=\"og:url\" content=\"https:\/\/www.ascef.com\/es\/arees-actuacio\/\" \/>\n<meta property=\"og:site_name\" content=\"ASCEF\" \/>\n<meta property=\"article:modified_time\" content=\"2020-03-30T08:40:58+00:00\" \/>\n<meta name=\"twitter:card\" content=\"summary_large_image\" \/>\n<script type=\"application\/ld+json\" class=\"yoast-schema-graph\">{\"@context\":\"https:\\\/\\\/schema.org\",\"@graph\":[{\"@type\":\"WebPage\",\"@id\":\"https:\\\/\\\/www.ascef.com\\\/es\\\/arees-actuacio\\\/\",\"url\":\"https:\\\/\\\/www.ascef.com\\\/es\\\/arees-actuacio\\\/\",\"name\":\"\u00c1reas de actuaci\u00f3n - ASCEF\",\"isPartOf\":{\"@id\":\"https:\\\/\\\/www.ascef.com\\\/es\\\/#website\"},\"datePublished\":\"2019-12-24T11:17:22+00:00\",\"dateModified\":\"2020-03-30T08:40:58+00:00\",\"description\":\"-1375\",\"breadcrumb\":{\"@id\":\"https:\\\/\\\/www.ascef.com\\\/es\\\/arees-actuacio\\\/#breadcrumb\"},\"inLanguage\":\"es\",\"potentialAction\":[{\"@type\":\"ReadAction\",\"target\":[\"https:\\\/\\\/www.ascef.com\\\/es\\\/arees-actuacio\\\/\"]}]},{\"@type\":\"BreadcrumbList\",\"@id\":\"https:\\\/\\\/www.ascef.com\\\/es\\\/arees-actuacio\\\/#breadcrumb\",\"itemListElement\":[{\"@type\":\"ListItem\",\"position\":1,\"name\":\"Portada\",\"item\":\"https:\\\/\\\/www.ascef.com\\\/es\\\/\"},{\"@type\":\"ListItem\",\"position\":2,\"name\":\"\u00c1reas de actuaci\u00f3n\"}]},{\"@type\":\"WebSite\",\"@id\":\"https:\\\/\\\/www.ascef.com\\\/es\\\/#website\",\"url\":\"https:\\\/\\\/www.ascef.com\\\/es\\\/\",\"name\":\"ASCEF\",\"description\":\"Associaci\u00f3 Catalana de l\u2019Empresa Familiar\",\"potentialAction\":[{\"@type\":\"SearchAction\",\"target\":{\"@type\":\"EntryPoint\",\"urlTemplate\":\"https:\\\/\\\/www.ascef.com\\\/es\\\/?s={search_term_string}\"},\"query-input\":{\"@type\":\"PropertyValueSpecification\",\"valueRequired\":true,\"valueName\":\"search_term_string\"}}],\"inLanguage\":\"es\"}]}<\/script>\n<!-- \/ Yoast SEO plugin. -->","yoast_head_json":{"title":"\u00c1reas de actuaci\u00f3n - ASCEF","description":"-1375","robots":{"index":"index","follow":"follow","max-snippet":"max-snippet:-1","max-image-preview":"max-image-preview:large","max-video-preview":"max-video-preview:-1"},"canonical":"https:\/\/www.ascef.com\/es\/arees-actuacio\/","og_locale":"es_ES","og_type":"article","og_title":"\u00c1reas de actuaci\u00f3n - ASCEF","og_description":"-1375","og_url":"https:\/\/www.ascef.com\/es\/arees-actuacio\/","og_site_name":"ASCEF","article_modified_time":"2020-03-30T08:40:58+00:00","twitter_card":"summary_large_image","schema":{"@context":"https:\/\/schema.org","@graph":[{"@type":"WebPage","@id":"https:\/\/www.ascef.com\/es\/arees-actuacio\/","url":"https:\/\/www.ascef.com\/es\/arees-actuacio\/","name":"\u00c1reas de actuaci\u00f3n - ASCEF","isPartOf":{"@id":"https:\/\/www.ascef.com\/es\/#website"},"datePublished":"2019-12-24T11:17:22+00:00","dateModified":"2020-03-30T08:40:58+00:00","description":"-1375","breadcrumb":{"@id":"https:\/\/www.ascef.com\/es\/arees-actuacio\/#breadcrumb"},"inLanguage":"es","potentialAction":[{"@type":"ReadAction","target":["https:\/\/www.ascef.com\/es\/arees-actuacio\/"]}]},{"@type":"BreadcrumbList","@id":"https:\/\/www.ascef.com\/es\/arees-actuacio\/#breadcrumb","itemListElement":[{"@type":"ListItem","position":1,"name":"Portada","item":"https:\/\/www.ascef.com\/es\/"},{"@type":"ListItem","position":2,"name":"\u00c1reas de actuaci\u00f3n"}]},{"@type":"WebSite","@id":"https:\/\/www.ascef.com\/es\/#website","url":"https:\/\/www.ascef.com\/es\/","name":"ASCEF","description":"Associaci\u00f3 Catalana de l\u2019Empresa Familiar","potentialAction":[{"@type":"SearchAction","target":{"@type":"EntryPoint","urlTemplate":"https:\/\/www.ascef.com\/es\/?s={search_term_string}"},"query-input":{"@type":"PropertyValueSpecification","valueRequired":true,"valueName":"search_term_string"}}],"inLanguage":"es"}]}},"_links":{"self":[{"href":"https:\/\/www.ascef.com\/es\/wp-json\/wp\/v2\/pages\/829","targetHints":{"allow":["GET"]}}],"collection":[{"href":"https:\/\/www.ascef.com\/es\/wp-json\/wp\/v2\/pages"}],"about":[{"href":"https:\/\/www.ascef.com\/es\/wp-json\/wp\/v2\/types\/page"}],"author":[{"embeddable":true,"href":"https:\/\/www.ascef.com\/es\/wp-json\/wp\/v2\/users\/1"}],"replies":[{"embeddable":true,"href":"https:\/\/www.ascef.com\/es\/wp-json\/wp\/v2\/comments?post=829"}],"version-history":[{"count":4,"href":"https:\/\/www.ascef.com\/es\/wp-json\/wp\/v2\/pages\/829\/revisions"}],"predecessor-version":[{"id":902,"href":"https:\/\/www.ascef.com\/es\/wp-json\/wp\/v2\/pages\/829\/revisions\/902"}],"wp:attachment":[{"href":"https:\/\/www.ascef.com\/es\/wp-json\/wp\/v2\/media?parent=829"}],"curies":[{"name":"wp","href":"https:\/\/api.w.org\/{rel}","templated":true}]}}