{"id":6437,"date":"2023-06-19T10:16:41","date_gmt":"2023-06-19T10:16:41","guid":{"rendered":"https:\/\/www.ascef.com\/codi-etic\/"},"modified":"2023-07-10T11:38:13","modified_gmt":"2023-07-10T11:38:13","slug":"codi-etic","status":"publish","type":"page","link":"https:\/\/www.ascef.com\/es\/esg-codigo-etico\/codi-etic\/","title":{"rendered":"C\u00f3digo \u00c9tico"},"content":{"rendered":"<p>En la Asamblea de socios celebrada el 15 de junio de 2023, la Asociaci\u00f3n Catalana de la Empresa Familiar ha aprobado su C\u00f3digo \u00c9tico. Este c\u00f3digo recoge los principios \u00e9ticos y las normas de conducto que deben guiar la actuaci\u00f3n de los miembros de la ASCEF, de los que forman parte de los \u00f3rganos de representaci\u00f3n y de aquellos que ejercen funciones directivas en la Asociaci\u00f3n.<\/p>\n<p>Los valores que defiende y por los que vela, este c\u00f3digo \u00e9tico son principalmente la honestidad, el respeto, la equidad, la responsabilidad, la coherencia, el rigor, la transparencia, la lucha contra las pr\u00e1cticas deshonestas y la corrupci\u00f3n, as\u00ed como la defensa de los derechos humanos, la no discriminaci\u00f3n con criterios de igualdad y la lucha contra el acoso laboral.<\/p>\n<p>Con este c\u00f3digo, la ASCEF se asegura de que todas las relaciones sociales, comerciales y profesionales con sus grupos de inter\u00e9s se produzcan en consonancia con sus valores y principios \u00e9ticos.<\/p>\n<p><span style=\"color: #008000;\">Y es por ello, que tambi\u00e9n se crea <strong>un Canal \u00c9tico<\/strong>, confidencial y seguro, para comunicar cualquier tipo de incumplimiento o infracci\u00f3n que se produzca dentro del \u00e1mbito de actuaci\u00f3n de ASCEF y que se hace a trav\u00e9s del correo electr\u00f3nico<\/span><strong><span style=\"color: #008000;\">: canaletico@ascef.com\u00a0<\/span><\/strong><\/p>\n<p>La voluntad de la ASCEF es que este C\u00f3digo sea un proyecto vivo, por eso se propone una revisi\u00f3n anual con el objetivo de que sea una herramienta en constante actualizaci\u00f3n.<\/p>\n<p><a href=\"https:\/\/www.ascef.com\/wp-content\/uploads\/2023\/06\/ASCEF_Codigo-Etico.pdf\"><strong>DESCARGAR EL DOCUMENTO<\/strong><\/a><\/p>\n<p><img loading=\"lazy\" decoding=\"async\" class=\"alignleft wp-image-6419 \" src=\"https:\/\/www.ascef.com\/wp-content\/uploads\/2023\/06\/Codi-etic-150x150.png\" alt=\"\" width=\"220\" height=\"220\" \/><\/p>\n","protected":false},"excerpt":{"rendered":"<p>En la Asamblea de socios celebrada el 15 de junio de 2023, la Asociaci\u00f3n Catalana de la Empresa Familiar ha aprobado su C\u00f3digo \u00c9tico. Este c\u00f3digo recoge los principios \u00e9ticos y las normas de conducto que deben guiar la actuaci\u00f3n de los miembros de la ASCEF, de los que forman parte de los \u00f3rganos de [&hellip;]<\/p>\n","protected":false},"author":311,"featured_media":0,"parent":6446,"menu_order":0,"comment_status":"closed","ping_status":"closed","template":"","meta":{"_acf_changed":false,"footnotes":""},"class_list":["post-6437","page","type-page","status-publish","hentry"],"acf":[],"yoast_head":"<!-- This site is optimized with the Yoast SEO plugin v27.4 - https:\/\/yoast.com\/product\/yoast-seo-wordpress\/ -->\n<title>C\u00f3digo \u00c9tico - ASCEF<\/title>\n<meta name=\"robots\" content=\"index, follow, max-snippet:-1, max-image-preview:large, max-video-preview:-1\" \/>\n<link rel=\"canonical\" href=\"https:\/\/www.ascef.com\/es\/esg-codigo-etico\/codi-etic\/\" \/>\n<meta property=\"og:locale\" content=\"es_ES\" \/>\n<meta property=\"og:type\" content=\"article\" \/>\n<meta property=\"og:title\" content=\"C\u00f3digo \u00c9tico - ASCEF\" \/>\n<meta property=\"og:description\" content=\"En la Asamblea de socios celebrada el 15 de junio de 2023, la Asociaci\u00f3n Catalana de la Empresa Familiar ha aprobado su C\u00f3digo \u00c9tico. Este c\u00f3digo recoge los principios \u00e9ticos y las normas de conducto que deben guiar la actuaci\u00f3n de los miembros de la ASCEF, de los que forman parte de los \u00f3rganos de [&hellip;]\" \/>\n<meta property=\"og:url\" content=\"https:\/\/www.ascef.com\/es\/esg-codigo-etico\/codi-etic\/\" \/>\n<meta property=\"og:site_name\" content=\"ASCEF\" \/>\n<meta property=\"article:modified_time\" content=\"2023-07-10T11:38:13+00:00\" \/>\n<meta property=\"og:image\" content=\"https:\/\/www.ascef.com\/wp-content\/uploads\/2023\/06\/Codi-etic-150x150.png\" \/>\n<meta name=\"twitter:card\" content=\"summary_large_image\" \/>\n<meta name=\"twitter:label1\" content=\"Tiempo de lectura\" \/>\n\t<meta name=\"twitter:data1\" content=\"2 minutos\" \/>\n<script type=\"application\/ld+json\" class=\"yoast-schema-graph\">{\"@context\":\"https:\\\/\\\/schema.org\",\"@graph\":[{\"@type\":\"WebPage\",\"@id\":\"https:\\\/\\\/www.ascef.com\\\/es\\\/esg-codigo-etico\\\/codi-etic\\\/\",\"url\":\"https:\\\/\\\/www.ascef.com\\\/es\\\/esg-codigo-etico\\\/codi-etic\\\/\",\"name\":\"C\u00f3digo \u00c9tico - ASCEF\",\"isPartOf\":{\"@id\":\"https:\\\/\\\/www.ascef.com\\\/es\\\/#website\"},\"primaryImageOfPage\":{\"@id\":\"https:\\\/\\\/www.ascef.com\\\/es\\\/esg-codigo-etico\\\/codi-etic\\\/#primaryimage\"},\"image\":{\"@id\":\"https:\\\/\\\/www.ascef.com\\\/es\\\/esg-codigo-etico\\\/codi-etic\\\/#primaryimage\"},\"thumbnailUrl\":\"https:\\\/\\\/www.ascef.com\\\/wp-content\\\/uploads\\\/2023\\\/06\\\/Codi-etic-150x150.png\",\"datePublished\":\"2023-06-19T10:16:41+00:00\",\"dateModified\":\"2023-07-10T11:38:13+00:00\",\"breadcrumb\":{\"@id\":\"https:\\\/\\\/www.ascef.com\\\/es\\\/esg-codigo-etico\\\/codi-etic\\\/#breadcrumb\"},\"inLanguage\":\"es\",\"potentialAction\":[{\"@type\":\"ReadAction\",\"target\":[\"https:\\\/\\\/www.ascef.com\\\/es\\\/esg-codigo-etico\\\/codi-etic\\\/\"]}]},{\"@type\":\"ImageObject\",\"inLanguage\":\"es\",\"@id\":\"https:\\\/\\\/www.ascef.com\\\/es\\\/esg-codigo-etico\\\/codi-etic\\\/#primaryimage\",\"url\":\"https:\\\/\\\/www.ascef.com\\\/wp-content\\\/uploads\\\/2023\\\/06\\\/Codi-etic-150x150.png\",\"contentUrl\":\"https:\\\/\\\/www.ascef.com\\\/wp-content\\\/uploads\\\/2023\\\/06\\\/Codi-etic-150x150.png\"},{\"@type\":\"BreadcrumbList\",\"@id\":\"https:\\\/\\\/www.ascef.com\\\/es\\\/esg-codigo-etico\\\/codi-etic\\\/#breadcrumb\",\"itemListElement\":[{\"@type\":\"ListItem\",\"position\":1,\"name\":\"Portada\",\"item\":\"https:\\\/\\\/www.ascef.com\\\/es\\\/\"},{\"@type\":\"ListItem\",\"position\":2,\"name\":\"ESG-C\u00f3digo \u00c9tico\",\"item\":\"https:\\\/\\\/www.ascef.com\\\/es\\\/esg-codigo-etico\\\/\"},{\"@type\":\"ListItem\",\"position\":3,\"name\":\"C\u00f3digo \u00c9tico\"}]},{\"@type\":\"WebSite\",\"@id\":\"https:\\\/\\\/www.ascef.com\\\/es\\\/#website\",\"url\":\"https:\\\/\\\/www.ascef.com\\\/es\\\/\",\"name\":\"ASCEF\",\"description\":\"Associaci\u00f3 Catalana de l\u2019Empresa Familiar\",\"potentialAction\":[{\"@type\":\"SearchAction\",\"target\":{\"@type\":\"EntryPoint\",\"urlTemplate\":\"https:\\\/\\\/www.ascef.com\\\/es\\\/?s={search_term_string}\"},\"query-input\":{\"@type\":\"PropertyValueSpecification\",\"valueRequired\":true,\"valueName\":\"search_term_string\"}}],\"inLanguage\":\"es\"}]}<\/script>\n<!-- \/ Yoast SEO plugin. -->","yoast_head_json":{"title":"C\u00f3digo \u00c9tico - ASCEF","robots":{"index":"index","follow":"follow","max-snippet":"max-snippet:-1","max-image-preview":"max-image-preview:large","max-video-preview":"max-video-preview:-1"},"canonical":"https:\/\/www.ascef.com\/es\/esg-codigo-etico\/codi-etic\/","og_locale":"es_ES","og_type":"article","og_title":"C\u00f3digo \u00c9tico - ASCEF","og_description":"En la Asamblea de socios celebrada el 15 de junio de 2023, la Asociaci\u00f3n Catalana de la Empresa Familiar ha aprobado su C\u00f3digo \u00c9tico. Este c\u00f3digo recoge los principios \u00e9ticos y las normas de conducto que deben guiar la actuaci\u00f3n de los miembros de la ASCEF, de los que forman parte de los \u00f3rganos de [&hellip;]","og_url":"https:\/\/www.ascef.com\/es\/esg-codigo-etico\/codi-etic\/","og_site_name":"ASCEF","article_modified_time":"2023-07-10T11:38:13+00:00","og_image":[{"url":"https:\/\/www.ascef.com\/wp-content\/uploads\/2023\/06\/Codi-etic-150x150.png","type":"","width":"","height":""}],"twitter_card":"summary_large_image","twitter_misc":{"Tiempo de lectura":"2 minutos"},"schema":{"@context":"https:\/\/schema.org","@graph":[{"@type":"WebPage","@id":"https:\/\/www.ascef.com\/es\/esg-codigo-etico\/codi-etic\/","url":"https:\/\/www.ascef.com\/es\/esg-codigo-etico\/codi-etic\/","name":"C\u00f3digo \u00c9tico - ASCEF","isPartOf":{"@id":"https:\/\/www.ascef.com\/es\/#website"},"primaryImageOfPage":{"@id":"https:\/\/www.ascef.com\/es\/esg-codigo-etico\/codi-etic\/#primaryimage"},"image":{"@id":"https:\/\/www.ascef.com\/es\/esg-codigo-etico\/codi-etic\/#primaryimage"},"thumbnailUrl":"https:\/\/www.ascef.com\/wp-content\/uploads\/2023\/06\/Codi-etic-150x150.png","datePublished":"2023-06-19T10:16:41+00:00","dateModified":"2023-07-10T11:38:13+00:00","breadcrumb":{"@id":"https:\/\/www.ascef.com\/es\/esg-codigo-etico\/codi-etic\/#breadcrumb"},"inLanguage":"es","potentialAction":[{"@type":"ReadAction","target":["https:\/\/www.ascef.com\/es\/esg-codigo-etico\/codi-etic\/"]}]},{"@type":"ImageObject","inLanguage":"es","@id":"https:\/\/www.ascef.com\/es\/esg-codigo-etico\/codi-etic\/#primaryimage","url":"https:\/\/www.ascef.com\/wp-content\/uploads\/2023\/06\/Codi-etic-150x150.png","contentUrl":"https:\/\/www.ascef.com\/wp-content\/uploads\/2023\/06\/Codi-etic-150x150.png"},{"@type":"BreadcrumbList","@id":"https:\/\/www.ascef.com\/es\/esg-codigo-etico\/codi-etic\/#breadcrumb","itemListElement":[{"@type":"ListItem","position":1,"name":"Portada","item":"https:\/\/www.ascef.com\/es\/"},{"@type":"ListItem","position":2,"name":"ESG-C\u00f3digo \u00c9tico","item":"https:\/\/www.ascef.com\/es\/esg-codigo-etico\/"},{"@type":"ListItem","position":3,"name":"C\u00f3digo \u00c9tico"}]},{"@type":"WebSite","@id":"https:\/\/www.ascef.com\/es\/#website","url":"https:\/\/www.ascef.com\/es\/","name":"ASCEF","description":"Associaci\u00f3 Catalana de l\u2019Empresa Familiar","potentialAction":[{"@type":"SearchAction","target":{"@type":"EntryPoint","urlTemplate":"https:\/\/www.ascef.com\/es\/?s={search_term_string}"},"query-input":{"@type":"PropertyValueSpecification","valueRequired":true,"valueName":"search_term_string"}}],"inLanguage":"es"}]}},"_links":{"self":[{"href":"https:\/\/www.ascef.com\/es\/wp-json\/wp\/v2\/pages\/6437","targetHints":{"allow":["GET"]}}],"collection":[{"href":"https:\/\/www.ascef.com\/es\/wp-json\/wp\/v2\/pages"}],"about":[{"href":"https:\/\/www.ascef.com\/es\/wp-json\/wp\/v2\/types\/page"}],"author":[{"embeddable":true,"href":"https:\/\/www.ascef.com\/es\/wp-json\/wp\/v2\/users\/311"}],"replies":[{"embeddable":true,"href":"https:\/\/www.ascef.com\/es\/wp-json\/wp\/v2\/comments?post=6437"}],"version-history":[{"count":6,"href":"https:\/\/www.ascef.com\/es\/wp-json\/wp\/v2\/pages\/6437\/revisions"}],"predecessor-version":[{"id":6708,"href":"https:\/\/www.ascef.com\/es\/wp-json\/wp\/v2\/pages\/6437\/revisions\/6708"}],"up":[{"embeddable":true,"href":"https:\/\/www.ascef.com\/es\/wp-json\/wp\/v2\/pages\/6446"}],"wp:attachment":[{"href":"https:\/\/www.ascef.com\/es\/wp-json\/wp\/v2\/media?parent=6437"}],"curies":[{"name":"wp","href":"https:\/\/api.w.org\/{rel}","templated":true}]}}