{"id":6436,"date":"2023-06-19T10:16:41","date_gmt":"2023-06-19T10:16:41","guid":{"rendered":"https:\/\/www.ascef.com\/codi-etic\/"},"modified":"2023-07-10T11:37:05","modified_gmt":"2023-07-10T11:37:05","slug":"codi-etic","status":"publish","type":"page","link":"https:\/\/www.ascef.com\/en\/codi-etic\/","title":{"rendered":"Codi \u00c8tic"},"content":{"rendered":"<p>A l&#8217;Assemblea de socis celebrada el 15 de juny de 2023, l&#8217;Associaci\u00f3 Catalana de l\u00b4Empresa Familiar ha aprovat el seu Codi \u00c8tic. Aquest codi recull els principis \u00e8tics i les normes de conducte que han de guiar l&#8217;actuaci\u00f3 dels membres de l&#8217;ASCEF, dels que formen part dels \u00f2rgans de representaci\u00f3 i d&#8217;aquells que exerceixen funcions directives a l&#8217;Associaci\u00f3.<\/p>\n<p>Els valors que defensa i pels quals vetlla, aquest codi \u00e8tic s\u00f3n principalment l&#8217;honestedat, el respecte, l&#8217;equitat, la responsabilitat, la coher\u00e8ncia, el rigor, la transpar\u00e8ncia, la lluita contra les pr\u00e0ctiques deshonestes i la corrupci\u00f3, aix\u00ed com la defensa dels drets humans, la no discriminaci\u00f3 amb criteris d&#8217;igualtat i la lluita contra l&#8217;assetjament laboral.<\/p>\n<p>Amb aquest codi, l\u2019ASCEF s\u2019assegura que totes les relacions socials, comercials i professionals amb els seus grups d\u2019inter\u00e8s es produeixin en conson\u00e0ncia amb els seus valors i principis \u00e8tics.<span style=\"color: #008000;\"> I \u00e9s per aix\u00f2, que tamb\u00e9 es crea un <strong>Canal \u00c8tic<\/strong>, confidencial i segur, per comunicar qualsevol tipus incompliment o infracci\u00f3 que es produeixi dins l\u2019\u00e0mbit d\u2019actuaci\u00f3 de L\u2019ASCEF i que es fa a trav\u00e9s del correu electr\u00f2nic:<strong> canaletico@ascef.com<\/strong><\/span><\/p>\n<p>Cal afegir, la voluntat de l\u2019ASCEF que aquest Codi sigui un projecte viu, per aix\u00f2 es proposa una revisi\u00f3 anual amb l\u2019objectiu de que sigui una eina en constant actualitzaci\u00f3.<\/p>\n<p><a href=\"https:\/\/www.ascef.com\/wp-content\/uploads\/2023\/06\/Codi-Etic-ASCEF-1.pdf\"><strong>DESCARREGAR EL DOCUMENT<\/strong><\/a><\/p>\n<p><img loading=\"lazy\" decoding=\"async\" class=\"alignleft wp-image-6419 \" src=\"https:\/\/www.ascef.com\/wp-content\/uploads\/2023\/06\/Codi-etic-150x150.png\" alt=\"\" width=\"220\" height=\"220\" \/><\/p>\n","protected":false},"excerpt":{"rendered":"<p>A l&#8217;Assemblea de socis celebrada el 15 de juny de 2023, l&#8217;Associaci\u00f3 Catalana de l\u00b4Empresa Familiar ha aprovat el seu Codi \u00c8tic. Aquest codi recull els principis \u00e8tics i les normes de conducte que han de guiar l&#8217;actuaci\u00f3 dels membres de l&#8217;ASCEF, dels que formen part dels \u00f2rgans de representaci\u00f3 i d&#8217;aquells que exerceixen funcions [&hellip;]<\/p>\n","protected":false},"author":311,"featured_media":0,"parent":0,"menu_order":0,"comment_status":"closed","ping_status":"closed","template":"","meta":{"_acf_changed":false,"footnotes":""},"class_list":["post-6436","page","type-page","status-publish","hentry"],"acf":[],"yoast_head":"<!-- This site is optimized with the Yoast SEO plugin v27.4 - https:\/\/yoast.com\/product\/yoast-seo-wordpress\/ -->\n<title>Codi \u00c8tic - ASCEF<\/title>\n<meta name=\"robots\" content=\"index, follow, max-snippet:-1, max-image-preview:large, max-video-preview:-1\" \/>\n<link rel=\"canonical\" href=\"https:\/\/www.ascef.com\/en\/codi-etic\/\" \/>\n<meta property=\"og:locale\" content=\"en_US\" \/>\n<meta property=\"og:type\" content=\"article\" \/>\n<meta property=\"og:title\" content=\"Codi \u00c8tic - ASCEF\" \/>\n<meta property=\"og:description\" content=\"A l&#8217;Assemblea de socis celebrada el 15 de juny de 2023, l&#8217;Associaci\u00f3 Catalana de l\u00b4Empresa Familiar ha aprovat el seu Codi \u00c8tic. Aquest codi recull els principis \u00e8tics i les normes de conducte que han de guiar l&#8217;actuaci\u00f3 dels membres de l&#8217;ASCEF, dels que formen part dels \u00f2rgans de representaci\u00f3 i d&#8217;aquells que exerceixen funcions [&hellip;]\" \/>\n<meta property=\"og:url\" content=\"https:\/\/www.ascef.com\/en\/codi-etic\/\" \/>\n<meta property=\"og:site_name\" content=\"ASCEF\" \/>\n<meta property=\"article:modified_time\" content=\"2023-07-10T11:37:05+00:00\" \/>\n<meta property=\"og:image\" content=\"https:\/\/www.ascef.com\/wp-content\/uploads\/2023\/06\/Codi-etic-150x150.png\" \/>\n<meta name=\"twitter:card\" content=\"summary_large_image\" \/>\n<meta name=\"twitter:label1\" content=\"Est. reading time\" \/>\n\t<meta name=\"twitter:data1\" content=\"1 minute\" \/>\n<script type=\"application\/ld+json\" class=\"yoast-schema-graph\">{\"@context\":\"https:\\\/\\\/schema.org\",\"@graph\":[{\"@type\":\"WebPage\",\"@id\":\"https:\\\/\\\/www.ascef.com\\\/en\\\/codi-etic\\\/\",\"url\":\"https:\\\/\\\/www.ascef.com\\\/en\\\/codi-etic\\\/\",\"name\":\"Codi \u00c8tic - ASCEF\",\"isPartOf\":{\"@id\":\"https:\\\/\\\/www.ascef.com\\\/en\\\/#website\"},\"primaryImageOfPage\":{\"@id\":\"https:\\\/\\\/www.ascef.com\\\/en\\\/codi-etic\\\/#primaryimage\"},\"image\":{\"@id\":\"https:\\\/\\\/www.ascef.com\\\/en\\\/codi-etic\\\/#primaryimage\"},\"thumbnailUrl\":\"https:\\\/\\\/www.ascef.com\\\/wp-content\\\/uploads\\\/2023\\\/06\\\/Codi-etic-150x150.png\",\"datePublished\":\"2023-06-19T10:16:41+00:00\",\"dateModified\":\"2023-07-10T11:37:05+00:00\",\"breadcrumb\":{\"@id\":\"https:\\\/\\\/www.ascef.com\\\/en\\\/codi-etic\\\/#breadcrumb\"},\"inLanguage\":\"en-US\",\"potentialAction\":[{\"@type\":\"ReadAction\",\"target\":[\"https:\\\/\\\/www.ascef.com\\\/en\\\/codi-etic\\\/\"]}]},{\"@type\":\"ImageObject\",\"inLanguage\":\"en-US\",\"@id\":\"https:\\\/\\\/www.ascef.com\\\/en\\\/codi-etic\\\/#primaryimage\",\"url\":\"https:\\\/\\\/www.ascef.com\\\/wp-content\\\/uploads\\\/2023\\\/06\\\/Codi-etic-150x150.png\",\"contentUrl\":\"https:\\\/\\\/www.ascef.com\\\/wp-content\\\/uploads\\\/2023\\\/06\\\/Codi-etic-150x150.png\"},{\"@type\":\"BreadcrumbList\",\"@id\":\"https:\\\/\\\/www.ascef.com\\\/en\\\/codi-etic\\\/#breadcrumb\",\"itemListElement\":[{\"@type\":\"ListItem\",\"position\":1,\"name\":\"Portada\",\"item\":\"https:\\\/\\\/www.ascef.com\\\/en\\\/\"},{\"@type\":\"ListItem\",\"position\":2,\"name\":\"Codi \u00c8tic\"}]},{\"@type\":\"WebSite\",\"@id\":\"https:\\\/\\\/www.ascef.com\\\/en\\\/#website\",\"url\":\"https:\\\/\\\/www.ascef.com\\\/en\\\/\",\"name\":\"ASCEF\",\"description\":\"Associaci\u00f3 Catalana de l\u2019Empresa Familiar\",\"potentialAction\":[{\"@type\":\"SearchAction\",\"target\":{\"@type\":\"EntryPoint\",\"urlTemplate\":\"https:\\\/\\\/www.ascef.com\\\/en\\\/?s={search_term_string}\"},\"query-input\":{\"@type\":\"PropertyValueSpecification\",\"valueRequired\":true,\"valueName\":\"search_term_string\"}}],\"inLanguage\":\"en-US\"}]}<\/script>\n<!-- \/ Yoast SEO plugin. -->","yoast_head_json":{"title":"Codi \u00c8tic - ASCEF","robots":{"index":"index","follow":"follow","max-snippet":"max-snippet:-1","max-image-preview":"max-image-preview:large","max-video-preview":"max-video-preview:-1"},"canonical":"https:\/\/www.ascef.com\/en\/codi-etic\/","og_locale":"en_US","og_type":"article","og_title":"Codi \u00c8tic - ASCEF","og_description":"A l&#8217;Assemblea de socis celebrada el 15 de juny de 2023, l&#8217;Associaci\u00f3 Catalana de l\u00b4Empresa Familiar ha aprovat el seu Codi \u00c8tic. Aquest codi recull els principis \u00e8tics i les normes de conducte que han de guiar l&#8217;actuaci\u00f3 dels membres de l&#8217;ASCEF, dels que formen part dels \u00f2rgans de representaci\u00f3 i d&#8217;aquells que exerceixen funcions [&hellip;]","og_url":"https:\/\/www.ascef.com\/en\/codi-etic\/","og_site_name":"ASCEF","article_modified_time":"2023-07-10T11:37:05+00:00","og_image":[{"url":"https:\/\/www.ascef.com\/wp-content\/uploads\/2023\/06\/Codi-etic-150x150.png","type":"","width":"","height":""}],"twitter_card":"summary_large_image","twitter_misc":{"Est. reading time":"1 minute"},"schema":{"@context":"https:\/\/schema.org","@graph":[{"@type":"WebPage","@id":"https:\/\/www.ascef.com\/en\/codi-etic\/","url":"https:\/\/www.ascef.com\/en\/codi-etic\/","name":"Codi \u00c8tic - ASCEF","isPartOf":{"@id":"https:\/\/www.ascef.com\/en\/#website"},"primaryImageOfPage":{"@id":"https:\/\/www.ascef.com\/en\/codi-etic\/#primaryimage"},"image":{"@id":"https:\/\/www.ascef.com\/en\/codi-etic\/#primaryimage"},"thumbnailUrl":"https:\/\/www.ascef.com\/wp-content\/uploads\/2023\/06\/Codi-etic-150x150.png","datePublished":"2023-06-19T10:16:41+00:00","dateModified":"2023-07-10T11:37:05+00:00","breadcrumb":{"@id":"https:\/\/www.ascef.com\/en\/codi-etic\/#breadcrumb"},"inLanguage":"en-US","potentialAction":[{"@type":"ReadAction","target":["https:\/\/www.ascef.com\/en\/codi-etic\/"]}]},{"@type":"ImageObject","inLanguage":"en-US","@id":"https:\/\/www.ascef.com\/en\/codi-etic\/#primaryimage","url":"https:\/\/www.ascef.com\/wp-content\/uploads\/2023\/06\/Codi-etic-150x150.png","contentUrl":"https:\/\/www.ascef.com\/wp-content\/uploads\/2023\/06\/Codi-etic-150x150.png"},{"@type":"BreadcrumbList","@id":"https:\/\/www.ascef.com\/en\/codi-etic\/#breadcrumb","itemListElement":[{"@type":"ListItem","position":1,"name":"Portada","item":"https:\/\/www.ascef.com\/en\/"},{"@type":"ListItem","position":2,"name":"Codi \u00c8tic"}]},{"@type":"WebSite","@id":"https:\/\/www.ascef.com\/en\/#website","url":"https:\/\/www.ascef.com\/en\/","name":"ASCEF","description":"Associaci\u00f3 Catalana de l\u2019Empresa Familiar","potentialAction":[{"@type":"SearchAction","target":{"@type":"EntryPoint","urlTemplate":"https:\/\/www.ascef.com\/en\/?s={search_term_string}"},"query-input":{"@type":"PropertyValueSpecification","valueRequired":true,"valueName":"search_term_string"}}],"inLanguage":"en-US"}]}},"_links":{"self":[{"href":"https:\/\/www.ascef.com\/en\/wp-json\/wp\/v2\/pages\/6436","targetHints":{"allow":["GET"]}}],"collection":[{"href":"https:\/\/www.ascef.com\/en\/wp-json\/wp\/v2\/pages"}],"about":[{"href":"https:\/\/www.ascef.com\/en\/wp-json\/wp\/v2\/types\/page"}],"author":[{"embeddable":true,"href":"https:\/\/www.ascef.com\/en\/wp-json\/wp\/v2\/users\/311"}],"replies":[{"embeddable":true,"href":"https:\/\/www.ascef.com\/en\/wp-json\/wp\/v2\/comments?post=6436"}],"version-history":[{"count":4,"href":"https:\/\/www.ascef.com\/en\/wp-json\/wp\/v2\/pages\/6436\/revisions"}],"predecessor-version":[{"id":6707,"href":"https:\/\/www.ascef.com\/en\/wp-json\/wp\/v2\/pages\/6436\/revisions\/6707"}],"wp:attachment":[{"href":"https:\/\/www.ascef.com\/en\/wp-json\/wp\/v2\/media?parent=6436"}],"curies":[{"name":"wp","href":"https:\/\/api.w.org\/{rel}","templated":true}]}}