{"id":1490,"date":"2019-12-24T11:17:02","date_gmt":"2019-12-24T11:17:02","guid":{"rendered":"https:\/\/www.ascef.com\/comunitat-ascef\/"},"modified":"2024-06-18T07:59:40","modified_gmt":"2024-06-18T07:59:40","slug":"the-ascef-community","status":"publish","type":"page","link":"https:\/\/www.ascef.com\/en\/the-ascef-community\/","title":{"rendered":"The ASCEF Community"},"content":{"rendered":"<p>The ASCEF comprises over 130 family businesses from the productive, marketing and service sectors and covers the entire territory of Catalonia. Membership is open to businesses in existence for over 25 years, whose shareholders are mainly family members and with a vocation for leadership in their sector of activity.<\/p>\n<p>The governing body is its Board of Directors, which comprises 16 members and is chaired by Jaume Alsina. The Board is renewed every 3 years.<\/p>\n<p>The Board comprises: Isabel Triginer, Javier Riera Mars\u00e1, Ricard Aubert, Ignasi Botet, M\u00edriam F\u00e0bregas, Ana Fisas, Diana Ganduxer, Pedro Knuth, Eva Lluch, Vanesa Mart\u00ednez, Francisco Pont, Ricard Oller, Ariadna Sendra, Antonio Gallardo and Jaime Grego.<\/p>\n<p>The ASCEF has been active for 25 years, during which it has played an important role in the economic and social spheres. The representativeness of member companies affords legitimacy to an entity that is the meeting point for the transmission of values and family culture in the workplace.<\/p>\n","protected":false},"excerpt":{"rendered":"<p>The ASCEF comprises over 130 family businesses from the productive, marketing and service sectors and covers the entire territory of Catalonia. Membership is open to businesses in existence for over 25 years, whose shareholders are mainly family members and with a vocation for leadership in their sector of activity. The governing body is its Board [&hellip;]<\/p>\n","protected":false},"author":1,"featured_media":0,"parent":0,"menu_order":0,"comment_status":"closed","ping_status":"closed","template":"","meta":{"_acf_changed":false,"footnotes":""},"class_list":["post-1490","page","type-page","status-publish","hentry"],"acf":[],"yoast_head":"<!-- This site is optimized with the Yoast SEO plugin v27.4 - https:\/\/yoast.com\/product\/yoast-seo-wordpress\/ -->\n<title>The ASCEF Community - ASCEF<\/title>\n<meta name=\"robots\" content=\"index, follow, max-snippet:-1, max-image-preview:large, max-video-preview:-1\" \/>\n<link rel=\"canonical\" href=\"https:\/\/www.ascef.com\/en\/the-ascef-community\/\" \/>\n<meta property=\"og:locale\" content=\"en_US\" \/>\n<meta property=\"og:type\" content=\"article\" \/>\n<meta property=\"og:title\" content=\"The ASCEF Community - ASCEF\" \/>\n<meta property=\"og:description\" content=\"The ASCEF comprises over 130 family businesses from the productive, marketing and service sectors and covers the entire territory of Catalonia. Membership is open to businesses in existence for over 25 years, whose shareholders are mainly family members and with a vocation for leadership in their sector of activity. The governing body is its Board [&hellip;]\" \/>\n<meta property=\"og:url\" content=\"https:\/\/www.ascef.com\/en\/the-ascef-community\/\" \/>\n<meta property=\"og:site_name\" content=\"ASCEF\" \/>\n<meta property=\"article:modified_time\" content=\"2024-06-18T07:59:40+00:00\" \/>\n<meta name=\"twitter:card\" content=\"summary_large_image\" \/>\n<meta name=\"twitter:label1\" content=\"Est. reading time\" \/>\n\t<meta name=\"twitter:data1\" content=\"1 minute\" \/>\n<script type=\"application\/ld+json\" class=\"yoast-schema-graph\">{\"@context\":\"https:\\\/\\\/schema.org\",\"@graph\":[{\"@type\":\"WebPage\",\"@id\":\"https:\\\/\\\/www.ascef.com\\\/en\\\/the-ascef-community\\\/\",\"url\":\"https:\\\/\\\/www.ascef.com\\\/en\\\/the-ascef-community\\\/\",\"name\":\"The ASCEF Community - ASCEF\",\"isPartOf\":{\"@id\":\"https:\\\/\\\/www.ascef.com\\\/en\\\/#website\"},\"datePublished\":\"2019-12-24T11:17:02+00:00\",\"dateModified\":\"2024-06-18T07:59:40+00:00\",\"breadcrumb\":{\"@id\":\"https:\\\/\\\/www.ascef.com\\\/en\\\/the-ascef-community\\\/#breadcrumb\"},\"inLanguage\":\"en-US\",\"potentialAction\":[{\"@type\":\"ReadAction\",\"target\":[\"https:\\\/\\\/www.ascef.com\\\/en\\\/the-ascef-community\\\/\"]}]},{\"@type\":\"BreadcrumbList\",\"@id\":\"https:\\\/\\\/www.ascef.com\\\/en\\\/the-ascef-community\\\/#breadcrumb\",\"itemListElement\":[{\"@type\":\"ListItem\",\"position\":1,\"name\":\"Portada\",\"item\":\"https:\\\/\\\/www.ascef.com\\\/en\\\/\"},{\"@type\":\"ListItem\",\"position\":2,\"name\":\"The ASCEF Community\"}]},{\"@type\":\"WebSite\",\"@id\":\"https:\\\/\\\/www.ascef.com\\\/en\\\/#website\",\"url\":\"https:\\\/\\\/www.ascef.com\\\/en\\\/\",\"name\":\"ASCEF\",\"description\":\"Associaci\u00f3 Catalana de l\u2019Empresa Familiar\",\"potentialAction\":[{\"@type\":\"SearchAction\",\"target\":{\"@type\":\"EntryPoint\",\"urlTemplate\":\"https:\\\/\\\/www.ascef.com\\\/en\\\/?s={search_term_string}\"},\"query-input\":{\"@type\":\"PropertyValueSpecification\",\"valueRequired\":true,\"valueName\":\"search_term_string\"}}],\"inLanguage\":\"en-US\"}]}<\/script>\n<!-- \/ Yoast SEO plugin. -->","yoast_head_json":{"title":"The ASCEF Community - ASCEF","robots":{"index":"index","follow":"follow","max-snippet":"max-snippet:-1","max-image-preview":"max-image-preview:large","max-video-preview":"max-video-preview:-1"},"canonical":"https:\/\/www.ascef.com\/en\/the-ascef-community\/","og_locale":"en_US","og_type":"article","og_title":"The ASCEF Community - ASCEF","og_description":"The ASCEF comprises over 130 family businesses from the productive, marketing and service sectors and covers the entire territory of Catalonia. Membership is open to businesses in existence for over 25 years, whose shareholders are mainly family members and with a vocation for leadership in their sector of activity. The governing body is its Board [&hellip;]","og_url":"https:\/\/www.ascef.com\/en\/the-ascef-community\/","og_site_name":"ASCEF","article_modified_time":"2024-06-18T07:59:40+00:00","twitter_card":"summary_large_image","twitter_misc":{"Est. reading time":"1 minute"},"schema":{"@context":"https:\/\/schema.org","@graph":[{"@type":"WebPage","@id":"https:\/\/www.ascef.com\/en\/the-ascef-community\/","url":"https:\/\/www.ascef.com\/en\/the-ascef-community\/","name":"The ASCEF Community - ASCEF","isPartOf":{"@id":"https:\/\/www.ascef.com\/en\/#website"},"datePublished":"2019-12-24T11:17:02+00:00","dateModified":"2024-06-18T07:59:40+00:00","breadcrumb":{"@id":"https:\/\/www.ascef.com\/en\/the-ascef-community\/#breadcrumb"},"inLanguage":"en-US","potentialAction":[{"@type":"ReadAction","target":["https:\/\/www.ascef.com\/en\/the-ascef-community\/"]}]},{"@type":"BreadcrumbList","@id":"https:\/\/www.ascef.com\/en\/the-ascef-community\/#breadcrumb","itemListElement":[{"@type":"ListItem","position":1,"name":"Portada","item":"https:\/\/www.ascef.com\/en\/"},{"@type":"ListItem","position":2,"name":"The ASCEF Community"}]},{"@type":"WebSite","@id":"https:\/\/www.ascef.com\/en\/#website","url":"https:\/\/www.ascef.com\/en\/","name":"ASCEF","description":"Associaci\u00f3 Catalana de l\u2019Empresa Familiar","potentialAction":[{"@type":"SearchAction","target":{"@type":"EntryPoint","urlTemplate":"https:\/\/www.ascef.com\/en\/?s={search_term_string}"},"query-input":{"@type":"PropertyValueSpecification","valueRequired":true,"valueName":"search_term_string"}}],"inLanguage":"en-US"}]}},"_links":{"self":[{"href":"https:\/\/www.ascef.com\/en\/wp-json\/wp\/v2\/pages\/1490","targetHints":{"allow":["GET"]}}],"collection":[{"href":"https:\/\/www.ascef.com\/en\/wp-json\/wp\/v2\/pages"}],"about":[{"href":"https:\/\/www.ascef.com\/en\/wp-json\/wp\/v2\/types\/page"}],"author":[{"embeddable":true,"href":"https:\/\/www.ascef.com\/en\/wp-json\/wp\/v2\/users\/1"}],"replies":[{"embeddable":true,"href":"https:\/\/www.ascef.com\/en\/wp-json\/wp\/v2\/comments?post=1490"}],"version-history":[{"count":9,"href":"https:\/\/www.ascef.com\/en\/wp-json\/wp\/v2\/pages\/1490\/revisions"}],"predecessor-version":[{"id":8281,"href":"https:\/\/www.ascef.com\/en\/wp-json\/wp\/v2\/pages\/1490\/revisions\/8281"}],"wp:attachment":[{"href":"https:\/\/www.ascef.com\/en\/wp-json\/wp\/v2\/media?parent=1490"}],"curies":[{"name":"wp","href":"https:\/\/api.w.org\/{rel}","templated":true}]}}