{"id":1479,"date":"2020-03-05T19:42:31","date_gmt":"2020-03-05T19:42:31","guid":{"rendered":"https:\/\/www.ascef.com\/avisos-legals\/"},"modified":"2024-05-31T09:40:16","modified_gmt":"2024-05-31T09:40:16","slug":"avisos-legals","status":"publish","type":"page","link":"https:\/\/www.ascef.com\/en\/avisos-legals\/","title":{"rendered":"Avisos legals"},"content":{"rendered":"<p>&nbsp;<\/p>\n<div id=\"clickdatos\">\n<p>En el present Av\u00eds Legal, l&#8217;Usuari, podr\u00e0 trobar tota la informaci\u00f3 relativa a les condicions legals que defineixen les relacions entre els usuaris i el responsable de la p\u00e0gina web accessible en l&#8217;adre\u00e7a URL https:\/\/www.ascef.com (d&#8217;ara endavant, el lloc web), que ASCEF posa a la disposici\u00f3 dels usuaris d&#8217;Internet.<br \/>\nLa utilitzaci\u00f3 del lloc web implica l&#8217;acceptaci\u00f3 plena i sense reserves de totes i cadascuna de les disposicions incloses en aquest Av\u00eds Legal. En conseq\u00fc\u00e8ncia, l&#8217;usuari del lloc web ha de llegir atentament el present Av\u00eds Legal en cadascuna de les ocasions en qu\u00e8 es proposi utilitzar la web, ja que el text podria sofrir modificacions a criteri del titular de la web, o a causa d&#8217;un canvi legislatiu, jurisprudencial o en la pr\u00e0ctica empresarial.<\/p>\n<h2>1.- DADES DEL RESPONSABLE TITULAR DEL LLOC WEB.<\/h2>\n<p>Nom del titular: ASCEF<br \/>\nDomicili social: Avda. Diagonal, 469, 3\u00ba 2\u00aa<br \/>\nC.I.F.: G61925459<br \/>\nTel\u00e8fon de contacte: 932411002<br \/>\nCorreu electr\u00f2nic: ascef@ascef.com<\/p>\n<p>ASCEF \u00e9s el responsable del Lloc web i es compromet a complir amb tots els requisits nacionals i europeus que regulen l&#8217;\u00fas de les dades personals dels usuaris.<\/p>\n<p>Aquest Lloc web garanteix la protecci\u00f3 i confidencialitat de les dades personals que ens proporcionin d&#8217;acord amb el que es disposa en el Reglament General de Protecci\u00f3 de Dades de Car\u00e0cter Personal (UE) 2016\/679 del Parlament Europeu i del Consell, de 27 d&#8217;abril de 2016, en la Llei org\u00e0nica 3\/2018, de Protecci\u00f3 de Dades Personals i garantia dels drets digitals, aix\u00ed com en la Llei de Serveis de la Societat de la Informaci\u00f3 i Comer\u00e7 Electr\u00f2nic 34\/2002 d&#8217;11 de Juliol (LSSI-CE)<\/p>\n<h2>2.- OBJECTE.<\/h2>\n<p>El lloc web facilita als usuaris del mateix l&#8217;acc\u00e9s a informaci\u00f3 i serveis prestats per ASCEF a aquelles persones o organitzacions interessades en aquests.<\/p>\n<p>L&#8217;acc\u00e9s i la utilitzaci\u00f3 del Lloc web atribueix la condici\u00f3 d&#8217;usuari del Lloc web (d&#8217;ara endavant, el \u201cUsuari\u201d) i implica l&#8217;acceptaci\u00f3 de totes les condicions incloses en aquest Av\u00eds Legal aix\u00ed com de les seves modificacions. La prestaci\u00f3 del servei del Lloc web t\u00e9 una durada limitada al moment en el qual l&#8217;Usuari es trobi connectat al Lloc web o a algun dels serveis que a trav\u00e9s del mateix es faciliten. Per tant, l&#8217;Usuari ha de llegir atentament el present Av\u00eds Legal en cadascuna de les ocasions en qu\u00e8 es proposi utilitzar el Lloc web, ja que aquest i les seves condicions d&#8217;\u00fas recollides en el present Av\u00eds Legal poden sofrir modificacions.<\/p>\n<h2>3.- ACC\u00c9S I UTILITZACI\u00d3 DE LA WEB.<\/h2>\n<p>3.1.- Car\u00e0cter gratu\u00eft de l&#8217;acc\u00e9s i utilitzaci\u00f3 de la web. L&#8217;acc\u00e9s a la web t\u00e9 car\u00e0cter gratu\u00eft per als usuaris d&#8217;aquesta, excepte en el relatiu al cost de la connexi\u00f3 a trav\u00e9s de la xarxa de telecomunicacions subministrada pel prove\u00efdor d&#8217;acc\u00e9s contractat pels usuaris.<br \/>\n3.2.- Registre d&#8217;usuaris. Amb car\u00e0cter general l&#8217;acc\u00e9s i utilitzaci\u00f3 de la web no exigeix la pr\u00e8via subscripci\u00f3 o registre dels usuaris d&#8217;aquesta.<br \/>\n3.3.- Els usuaris garanteixen i responen, en qualsevol cas, de l&#8217;exactitud, vig\u00e8ncia i autenticitat de les dades personals facilitades, i es comprometen a mantenir-los degudament actualitzats. L&#8217;usuari accepta proporcionar informaci\u00f3 completa i correcta en el formulari de contacte o subscripci\u00f3.<\/p>\n<p>En cap cas es recaptaran del menor d&#8217;edat dades relatives a la situaci\u00f3 professional, econ\u00f2mica o a la intimitat dels altres membres de la fam\u00edlia, sense el consentiment d&#8217;aquests. Si ets menor de tretze anys i has accedit a aquest lloc web sense avisar als teus pares no has de registrar-te com a usuari.<\/p>\n<p>En aquesta web es respecten i cuiden les dades personals dels usuaris. Com a usuari has de saber que els teus drets estan garantits.<\/p>\n<h2>4.- CONTINGUT DE LA WEB.<\/h2>\n<p>L&#8217;idioma utilitzat pel titular en la web ser\u00e0 el castell\u00e0. ASCEF no es responsabilitza de la no comprensi\u00f3 o enteniment de l&#8217;idioma de la web per l&#8217;usuari, ni de les seves conseq\u00fc\u00e8ncies.<br \/>\nASCEF podr\u00e0 modificar els continguts sense previ av\u00eds, aix\u00ed com suprimir i canviar aquests dins de la web, com la forma en qu\u00e8 s&#8217;accedeix a aquests, sense cap justificaci\u00f3 i lliurement, no responsabilitzant-se de les conseq\u00fc\u00e8ncies que els mateixos puguin ocasionar als usuaris.<br \/>\nEs prohibeix l&#8217;\u00fas dels continguts de la web per a promocionar, contractar o divulgar publicitat o informaci\u00f3 pr\u00f2pia o de terceres persones sense l&#8217;autoritzaci\u00f3 de ASCEF, ni remetre publicitat o informaci\u00f3 valent-se per a aix\u00f2 dels serveis o informaci\u00f3 que es posen a la disposici\u00f3 dels usuaris, independentment de si la utilitzaci\u00f3 \u00e9s gratu\u00efta o no.<br \/>\nEls enlla\u00e7os o hiperenlla\u00e7os que incorporin tercers en les seves p\u00e0gines web, dirigits a aquesta web, seran per a l&#8217;obertura de la p\u00e0gina web completa, no podent manifestar, directa o indirectament, indicacions falses, inexactes o confuses, ni inc\u00f3rrer en accions deslleials o il\u00b7l\u00edcites en contra de ASCEF<\/p>\n<h2>5.- MESURES DE SEGURETAT.<\/h2>\n<p>Les dades personals comunicats per l&#8217;usuari podran ser emmagatzemats en bases de dades automatitzades o no, la titularitat de les quals correspon en exclusiva a ASCEF, assumint totes les mesures d&#8217;\u00edndole t\u00e8cnica, organitzativa i de seguretat que garanteixin la confidencialitat, integritat i qualitat de la informaci\u00f3 continguda en les mateixes d&#8217;acord amb el que s&#8217;estableix en les normatives vigents en mat\u00e8ria de protecci\u00f3 de dades de car\u00e0cter personal.<\/p>\n<h2>6.- LIMITACI\u00d3 DE RESPONSABILITAT.<\/h2>\n<p>Tant l&#8217;acc\u00e9s a la web com l&#8217;\u00fas no consentit que pugui efectuar-se de la informaci\u00f3 continguda en la mateixa \u00e9s de l&#8217;exclusiva responsabilitat de qui el realitza. ASCEF no respondr\u00e0 de cap conseq\u00fc\u00e8ncia, mal o perjudici que poguessin derivar-se d&#8217;aquest acc\u00e9s o \u00fas. ASCEF no es fa responsable dels errors de seguretat, que es puguin produir ni dels danys que puguin causar-se al sistema inform\u00e0tic de l&#8217;usuari (maquinari i programari), o als fitxers o documents emmagatzemats en aquest, a conseq\u00fc\u00e8ncia de:<br \/>\n\u2013 la pres\u00e8ncia d&#8217;un virus en l&#8217;ordinador de l&#8217;usuari que sigui utilitzat per a la connexi\u00f3 als serveis i continguts de la web.<br \/>\n\u2013 un mal funcionament del navegador.<br \/>\n\u2013 i\/o de l&#8217;\u00fas de versions no actualitzades d&#8217;aquest.<br \/>\nASCEF no es fa responsable de la fiabilitat i rapidesa dels hiperenlaces que s&#8217;incorporin en la web per a l&#8217;obertura d&#8217;unes altres. ASCEF no garanteix la utilitat d&#8217;aquests enlla\u00e7os, ni es responsabilitza dels continguts o serveis als quals pugui accedir l&#8217;usuari per mitj\u00e0 d&#8217;aquests enlla\u00e7os, ni del bon funcionament d&#8217;aquestes webs.<br \/>\nASCEF no ser\u00e0 responsable dels virus o altres programes inform\u00e0tics que deteriorin o puguin deteriorar els sistemes o equips inform\u00e0tics dels usuaris en accedir al seu web o altres webs a les quals s&#8217;hagi accedit mitjan\u00e7ant enlla\u00e7os d&#8217;aquesta web.<\/p>\n<h2>7.- \u00daS DE LA TECNOLOGIA &#8220;COOKIE&#8221;.<\/h2>\n<p>El Lloc web pot emprar cookies o tecnologies similars que es regiran pel que s&#8217;estableix en la Pol\u00edtica de Cookies, accessible en tot moment i respectant la confidencialitat i intimitat de l&#8217;usuari, sent part integrant del present Av\u00eds Legal.<\/p>\n<h2>8.- NAVEGACI\u00d3.<\/h2>\n<p>Los servidores de Internet pueden recoger datos no identificables, que puedan incluir, direcciones IP, y otros datos que no pueden ser utilizados para identificar al usuario. Su direcci\u00f3n IP se almacenar\u00e1 en los logs de acceso de forma autom\u00e1tica y con la \u00fanica finalidad de permitir el tr\u00e1nsito por Internet, siendo necesario que su equipo facilite esta direcci\u00f3n IP cuando navega por Internet para que las comunicaciones puedan realizarse. As\u00ed mismo, la direcci\u00f3n IP podr\u00e1 ser utilizada para realizar estad\u00edsticas, de manera anonimizada, sobre el n\u00famero de visitantes de esta web y su procedencia, de forma totalmente transparente a su navegaci\u00f3n.Els servidors d&#8217;Internet poden recollir dades no identificables, que puguin incloure, adreces IP, i altres dades que no poden ser utilitzats per a identificar a l&#8217;usuari. La seva adre\u00e7a IP s&#8217;emmagatzemar\u00e0 en els logs d&#8217;acc\u00e9s de manera autom\u00e0tica i amb l&#8217;\u00fanica finalitat de permetre el tr\u00e0nsit per Internet, sent necessari que el seu equip faciliti aquesta adre\u00e7a IP quan navega per Internet perqu\u00e8 les comunicacions puguin realitzar-se. Aix\u00ed mateix, l&#8217;adre\u00e7a IP podr\u00e0 ser utilitzada per a realitzar estad\u00edstiques, de manera anonimizada, sobre el nombre de visitants d&#8217;aquesta web i la seva proced\u00e8ncia, de forma totalment transparent a la seva navegaci\u00f3.<\/p>\n<h2>9.- PROPIETAT INTEL\u00b7LECTUAL I INDUSTRIAL.<\/h2>\n<p>L&#8217;usuari coneix i accepta que tots els continguts i\/o qualssevol altres elements del lloc web s\u00f3n propietat de ASCEF, i es compromet a respectar els drets de propietat intel\u00b7lectual i industrial titularitat de ASCEF. Qualsevol \u00fas de la web o els seus continguts haur\u00e0 de tenir un car\u00e0cter exclusivament particular.<\/p>\n<p>Est\u00e0 reservat exclusivament a ASCEF, qualsevol altre \u00fas que suposi la c\u00f2pia, reproducci\u00f3, distribuci\u00f3, transformaci\u00f3, comunicaci\u00f3 p\u00fablica o qualsevol altra acci\u00f3 similar, de tot o part dels continguts de la web, per la qual cosa cap usuari podr\u00e0 dur a terme aquestes accions sense l&#8217;autoritzaci\u00f3 pr\u00e8via i per escrit de ASCEF.<\/p>\n<h2>10.- LEGISLACI\u00d3 APLICABLE I JURISDICCI\u00d3 COMPETENT.<\/h2>\n<p>El present Av\u00eds Legal s&#8217;interpretar\u00e0 i regir\u00e0 de conformitat amb la legislaci\u00f3 espanyola. ASCEF i els usuaris, amb ren\u00fancia expressa a qualsevol altre fur que pogu\u00e9s correspondre&#8217;ls, se sotmeten al dels jutjats i tribunals del domicili de l&#8217;usuari per a qualsevol controv\u00e8rsia que pogu\u00e9s derivar-se de l&#8217;acc\u00e9s o \u00fas de la web. En el cas que l&#8217;usuari tingui el seu domicili fora d&#8217;Espanya, ASCEF i l&#8217;usuari, se sotmeten, amb ren\u00fancia expressa a qualsevol altre fur, als jutjats i tribunals del domicili de Barcelona.<\/p>\n<\/div>\n","protected":false},"excerpt":{"rendered":"<p>&nbsp; En el present Av\u00eds Legal, l&#8217;Usuari, podr\u00e0 trobar tota la informaci\u00f3 relativa a les condicions legals que defineixen les relacions entre els usuaris i el responsable de la p\u00e0gina web accessible en l&#8217;adre\u00e7a URL https:\/\/www.ascef.com (d&#8217;ara endavant, el lloc web), que ASCEF posa a la disposici\u00f3 dels usuaris d&#8217;Internet. La utilitzaci\u00f3 del lloc web [&hellip;]<\/p>\n","protected":false},"author":1,"featured_media":0,"parent":0,"menu_order":0,"comment_status":"closed","ping_status":"closed","template":"","meta":{"_acf_changed":false,"footnotes":""},"class_list":["post-1479","page","type-page","status-publish","hentry"],"acf":[],"yoast_head":"<!-- This site is optimized with the Yoast SEO plugin v27.4 - https:\/\/yoast.com\/product\/yoast-seo-wordpress\/ -->\n<title>Avisos legals - ASCEF<\/title>\n<meta name=\"robots\" content=\"index, follow, max-snippet:-1, max-image-preview:large, max-video-preview:-1\" \/>\n<link rel=\"canonical\" href=\"https:\/\/www.ascef.com\/en\/avisos-legals\/\" \/>\n<meta property=\"og:locale\" content=\"en_US\" \/>\n<meta property=\"og:type\" content=\"article\" \/>\n<meta property=\"og:title\" content=\"Avisos legals - ASCEF\" \/>\n<meta property=\"og:description\" content=\"&nbsp; En el present Av\u00eds Legal, l&#8217;Usuari, podr\u00e0 trobar tota la informaci\u00f3 relativa a les condicions legals que defineixen les relacions entre els usuaris i el responsable de la p\u00e0gina web accessible en l&#8217;adre\u00e7a URL https:\/\/www.ascef.com (d&#8217;ara endavant, el lloc web), que ASCEF posa a la disposici\u00f3 dels usuaris d&#8217;Internet. La utilitzaci\u00f3 del lloc web [&hellip;]\" \/>\n<meta property=\"og:url\" content=\"https:\/\/www.ascef.com\/en\/avisos-legals\/\" \/>\n<meta property=\"og:site_name\" content=\"ASCEF\" \/>\n<meta property=\"article:modified_time\" content=\"2024-05-31T09:40:16+00:00\" \/>\n<meta name=\"twitter:card\" content=\"summary_large_image\" \/>\n<meta name=\"twitter:label1\" content=\"Est. reading time\" \/>\n\t<meta name=\"twitter:data1\" content=\"8 minutes\" \/>\n<script type=\"application\/ld+json\" class=\"yoast-schema-graph\">{\"@context\":\"https:\\\/\\\/schema.org\",\"@graph\":[{\"@type\":\"WebPage\",\"@id\":\"https:\\\/\\\/www.ascef.com\\\/en\\\/avisos-legals\\\/\",\"url\":\"https:\\\/\\\/www.ascef.com\\\/en\\\/avisos-legals\\\/\",\"name\":\"Avisos legals - ASCEF\",\"isPartOf\":{\"@id\":\"https:\\\/\\\/www.ascef.com\\\/en\\\/#website\"},\"datePublished\":\"2020-03-05T19:42:31+00:00\",\"dateModified\":\"2024-05-31T09:40:16+00:00\",\"breadcrumb\":{\"@id\":\"https:\\\/\\\/www.ascef.com\\\/en\\\/avisos-legals\\\/#breadcrumb\"},\"inLanguage\":\"en-US\",\"potentialAction\":[{\"@type\":\"ReadAction\",\"target\":[\"https:\\\/\\\/www.ascef.com\\\/en\\\/avisos-legals\\\/\"]}]},{\"@type\":\"BreadcrumbList\",\"@id\":\"https:\\\/\\\/www.ascef.com\\\/en\\\/avisos-legals\\\/#breadcrumb\",\"itemListElement\":[{\"@type\":\"ListItem\",\"position\":1,\"name\":\"Portada\",\"item\":\"https:\\\/\\\/www.ascef.com\\\/en\\\/\"},{\"@type\":\"ListItem\",\"position\":2,\"name\":\"Avisos legals\"}]},{\"@type\":\"WebSite\",\"@id\":\"https:\\\/\\\/www.ascef.com\\\/en\\\/#website\",\"url\":\"https:\\\/\\\/www.ascef.com\\\/en\\\/\",\"name\":\"ASCEF\",\"description\":\"Associaci\u00f3 Catalana de l\u2019Empresa Familiar\",\"potentialAction\":[{\"@type\":\"SearchAction\",\"target\":{\"@type\":\"EntryPoint\",\"urlTemplate\":\"https:\\\/\\\/www.ascef.com\\\/en\\\/?s={search_term_string}\"},\"query-input\":{\"@type\":\"PropertyValueSpecification\",\"valueRequired\":true,\"valueName\":\"search_term_string\"}}],\"inLanguage\":\"en-US\"}]}<\/script>\n<!-- \/ Yoast SEO plugin. -->","yoast_head_json":{"title":"Avisos legals - ASCEF","robots":{"index":"index","follow":"follow","max-snippet":"max-snippet:-1","max-image-preview":"max-image-preview:large","max-video-preview":"max-video-preview:-1"},"canonical":"https:\/\/www.ascef.com\/en\/avisos-legals\/","og_locale":"en_US","og_type":"article","og_title":"Avisos legals - ASCEF","og_description":"&nbsp; En el present Av\u00eds Legal, l&#8217;Usuari, podr\u00e0 trobar tota la informaci\u00f3 relativa a les condicions legals que defineixen les relacions entre els usuaris i el responsable de la p\u00e0gina web accessible en l&#8217;adre\u00e7a URL https:\/\/www.ascef.com (d&#8217;ara endavant, el lloc web), que ASCEF posa a la disposici\u00f3 dels usuaris d&#8217;Internet. La utilitzaci\u00f3 del lloc web [&hellip;]","og_url":"https:\/\/www.ascef.com\/en\/avisos-legals\/","og_site_name":"ASCEF","article_modified_time":"2024-05-31T09:40:16+00:00","twitter_card":"summary_large_image","twitter_misc":{"Est. reading time":"8 minutes"},"schema":{"@context":"https:\/\/schema.org","@graph":[{"@type":"WebPage","@id":"https:\/\/www.ascef.com\/en\/avisos-legals\/","url":"https:\/\/www.ascef.com\/en\/avisos-legals\/","name":"Avisos legals - ASCEF","isPartOf":{"@id":"https:\/\/www.ascef.com\/en\/#website"},"datePublished":"2020-03-05T19:42:31+00:00","dateModified":"2024-05-31T09:40:16+00:00","breadcrumb":{"@id":"https:\/\/www.ascef.com\/en\/avisos-legals\/#breadcrumb"},"inLanguage":"en-US","potentialAction":[{"@type":"ReadAction","target":["https:\/\/www.ascef.com\/en\/avisos-legals\/"]}]},{"@type":"BreadcrumbList","@id":"https:\/\/www.ascef.com\/en\/avisos-legals\/#breadcrumb","itemListElement":[{"@type":"ListItem","position":1,"name":"Portada","item":"https:\/\/www.ascef.com\/en\/"},{"@type":"ListItem","position":2,"name":"Avisos legals"}]},{"@type":"WebSite","@id":"https:\/\/www.ascef.com\/en\/#website","url":"https:\/\/www.ascef.com\/en\/","name":"ASCEF","description":"Associaci\u00f3 Catalana de l\u2019Empresa Familiar","potentialAction":[{"@type":"SearchAction","target":{"@type":"EntryPoint","urlTemplate":"https:\/\/www.ascef.com\/en\/?s={search_term_string}"},"query-input":{"@type":"PropertyValueSpecification","valueRequired":true,"valueName":"search_term_string"}}],"inLanguage":"en-US"}]}},"_links":{"self":[{"href":"https:\/\/www.ascef.com\/en\/wp-json\/wp\/v2\/pages\/1479","targetHints":{"allow":["GET"]}}],"collection":[{"href":"https:\/\/www.ascef.com\/en\/wp-json\/wp\/v2\/pages"}],"about":[{"href":"https:\/\/www.ascef.com\/en\/wp-json\/wp\/v2\/types\/page"}],"author":[{"embeddable":true,"href":"https:\/\/www.ascef.com\/en\/wp-json\/wp\/v2\/users\/1"}],"replies":[{"embeddable":true,"href":"https:\/\/www.ascef.com\/en\/wp-json\/wp\/v2\/comments?post=1479"}],"version-history":[{"count":1,"href":"https:\/\/www.ascef.com\/en\/wp-json\/wp\/v2\/pages\/1479\/revisions"}],"predecessor-version":[{"id":8137,"href":"https:\/\/www.ascef.com\/en\/wp-json\/wp\/v2\/pages\/1479\/revisions\/8137"}],"wp:attachment":[{"href":"https:\/\/www.ascef.com\/en\/wp-json\/wp\/v2\/media?parent=1479"}],"curies":[{"name":"wp","href":"https:\/\/api.w.org\/{rel}","templated":true}]}}