{"id":1478,"date":"2020-03-05T19:42:31","date_gmt":"2020-03-05T19:42:31","guid":{"rendered":"https:\/\/www.ascef.com\/politica-de-galetes\/"},"modified":"2020-03-05T19:42:31","modified_gmt":"2020-03-05T19:42:31","slug":"politica-de-galetes","status":"publish","type":"page","link":"https:\/\/www.ascef.com\/en\/politica-de-galetes\/","title":{"rendered":"Pol\u00edtica de galetes"},"content":{"rendered":"<h2>POL\u00cdTICA DE COOKIES<\/h2>\n<div id=\"clickdatos\">\n<p>En la web <a href=\"https:\/\/www.ascef.com\" target=\"_blank\" rel=\"nofollow noopener noreferrer\">https:\/\/www.ascef.com<\/a> (d&#8217;ara endavant, el Lloc web) utilitzem cookies per a facilitar la relaci\u00f3 dels visitants amb el nostre contingut i per a permetre elaborar estad\u00edstiques sobre les visitants que rebem.<\/p>\n<p>L&#8217;informem que podem utilitzar cookies amb la finalitat de facilitar la seva navegaci\u00f3 a trav\u00e9s del Lloc web, distingir-li d&#8217;altres usuaris, proporcionar-li una millor experi\u00e8ncia en l&#8217;\u00fas d&#8217;aquest, i identificar problemes per a millorar el nostre Lloc web.<\/p>\n<p><strong>Qu\u00e8 s\u00f3n les cookies?<\/strong><\/p>\n<p>Es denominen cookies a uns petits arxius que es graven en el navegador utilitzat per cada visitant de la nostra web perqu\u00e8 el servidor pugui recordar la visita d&#8217;aquest usuari amb posterioritat quan torni a accedir als nostres continguts. Aquesta informaci\u00f3 no revela la seva identitat, ni cap dada personal, ni accedeix al contingut emmagatzemat en el seu pc, per\u00f2 si que permet al nostre sistema identificar-li a vost\u00e8 com un usuari determinat que ja va visitar la web amb anterioritat, va visualitzar determinades p\u00e0gines, etc. i a m\u00e9s permet guardar les seves prefer\u00e8ncies personals i informaci\u00f3 t\u00e8cnica.<\/p>\n<p>En compliment de la Directiva 2009\/136\/CE, desenvolupada en el nostre ordenament per l&#8217;apartat segon de l&#8217;article 22 de la LSSI, seguint les directrius de l&#8217;AEPD, procedim a informar-lo detalladament de l&#8217;\u00fas que es realitza en la nostra web.<\/p>\n<p>A continuaci\u00f3, es realitza una classificaci\u00f3 de les cookies en funci\u00f3 d&#8217;una s\u00e8rie de categories. No obstant aix\u00f2 \u00e9s necessari tenir en compte que una mateixa cookie pot estar inclosa en m\u00e9s d&#8217;una categoria.<\/p>\n<div>\n<p><strong>Tipus de cookies segons l&#8217;entitat que les gestiona<\/strong><\/p>\n<ul>\n<li>Cookies pr\u00f2pies: S\u00f3n aquelles que s&#8217;envien a l&#8217;equip terminal de l&#8217;usuari des d&#8217;un equip o domini gestionat pel propi editor.<\/li>\n<li>Cookies de tercers: S\u00f3n aquelles que s&#8217;envien a l&#8217;equip terminal de l&#8217;usuari des d&#8217;un equip o domini que no \u00e9s gestionat per l&#8217;editor, sin\u00f3 per una altra entitat que tracta les dades.<\/li>\n<\/ul>\n<div>\n<p><strong>Tipus de cookies segons el temps que romanen actives<br \/>\n<\/strong><\/p>\n<ul>\n<li>Cookies de sessi\u00f3: S\u00f3n un tipus de cookies dissenyades per a recaptar i emmagatzemar dades mentre l&#8217;usuari accedeix a una p\u00e0gina web.<\/li>\n<li>Cookies persistents: S\u00f3n un tipus de cookies en el qual les dades segueixen emmagatzemats en el terminal i poden ser accedits i tractats durant un per\u00edode definit pel responsable de la cookie, i que pot anar d&#8217;uns minuts a diversos anys.<\/li>\n<\/ul>\n<\/div>\n<\/div>\n<div>\n<p><strong>Tipus de cookies segons la seva finalitat<br \/>\n<\/strong><\/p>\n<ul>\n<li>Cookies t\u00e8cniques: Aquelles que permeten a l&#8217;usuari la navegaci\u00f3 a trav\u00e9s d&#8217;una p\u00e0gina web, plataforma o aplicaci\u00f3 i la utilitzaci\u00f3 de les diferents opcions o serveis que en ella existeixin.<\/li>\n<li>Cookies de personalitzaci\u00f3: S\u00f3n aquelles que permeten a l&#8217;usuari accedir al servei amb algunes caracter\u00edstiques de car\u00e0cter general predefinides en funci\u00f3 d&#8217;una s\u00e8rie de criteris en el terminal de l&#8217;usuari.<\/li>\n<li>Cookies publicit\u00e0ries: S\u00f3n aquelles que permeten la gesti\u00f3, de la forma m\u00e9s efica\u00e7 possible, dels espais publicitaris que, en el seu cas, l&#8217;editor hagi incl\u00f2s en una p\u00e0gina web.<\/li>\n<li>Cookies de publicitat comportamental: S\u00f3n aquelles que permeten la gesti\u00f3, de la forma m\u00e9s efica\u00e7 possible, dels espais publicitaris que, en el seu cas, l&#8217;editor hagi incl\u00f2s en una p\u00e0gina web. Aquestes cookies emmagatzemen informaci\u00f3 del comportament dels usuaris obtinguda a trav\u00e9s de l&#8217;observaci\u00f3 continuada dels seus h\u00e0bits de navegaci\u00f3, la qual cosa permet desenvolupar un perfil espec\u00edfic per a mostrar publicitat en funci\u00f3 d&#8217;aquest.<\/li>\n<li>Cookies d&#8217;an\u00e0lisis: S\u00f3n aquelles que permeten al responsable d&#8217;aquestes, el seguiment i an\u00e0lisi del comportament dels usuaris dels llocs web als quals estan vinculades. La informaci\u00f3 recollida mitjan\u00e7ant aquesta mena de cookies s&#8217;utilitza en el mesurament de l&#8217;activitat dels llocs web, amb la finalitat d&#8217;introduir millores en funci\u00f3 de l&#8217;an\u00e0lisi de les dades d&#8217;\u00fas que fan els usuaris del servei.<\/li>\n<\/ul>\n<\/div>\n<p>Actualment, la majoria dels navegadors v\u00e9nen configurats per defecte per a bloquejar la instal\u00b7laci\u00f3 de cookies de publicitat o tercers en el seu equip. L&#8217;usuari pot ampliar les restriccions d&#8217;origen, impedint l&#8217;entrada de qualsevol mena de cookie, o eliminar aquestes restriccions, acceptant l&#8217;entrada de qualsevol mena de cookies. Si est\u00e0 interessat a admetre cookies de publicitat o de tercers, podr\u00e0 configurar el seu navegador a tal fi.<\/p>\n<p>L&#8217;acceptaci\u00f3 realitzada per l&#8217;usuari, fent clic en el bot\u00f3 d&#8217;<strong>ACCEPTAR<\/strong> mostrat en la informaci\u00f3 inicial sobre cookies, implica que est\u00e0 consentint expressament al responsable per a la seva utilitzaci\u00f3, podent exercir els seus drets i revocar el seu consentiment en qualsevol moment, a trav\u00e9s de sol\u00b7licitud a ASCEF.<\/p>\n<p>A continuaci\u00f3 l&#8217;informem detalladament totes les cookies que podrien arribar a instal\u00b7lar-se des del nostre lloc web. En funci\u00f3 de la seva navegaci\u00f3, de la configuraci\u00f3 del seu navegador i de l&#8217;acceptaci\u00f3 o rebuig d&#8217;aquestes, podran instal\u00b7lar-se totes o nom\u00e9s algunes d&#8217;elles.<\/p>\n<p>&nbsp;<\/p>\n<div id=\"listadodecookies\">\n<table style=\"border: 1px solid black;\">\n<tbody>\n<tr align=\"center\">\n<td style=\"border: 1px solid black;\">Nom<\/td>\n<td style=\"border: 1px solid black;\">Categoria<\/td>\n<td style=\"border: 1px solid black;\">Descripci\u00f3<\/td>\n<td style=\"border: 1px solid black;\">Propietat<\/td>\n<td style=\"border: 1px solid black;\">Duraci\u00f3<\/td>\n<\/tr>\n<tr id=\"_ga\" align=\"center\">\n<td style=\"border: 1px solid black;\">_ga<\/td>\n<td style=\"border: 1px solid black;\">An\u00e0lisi<\/td>\n<td style=\"border: 1px solid black;\">Es fa servir per a distingir als usuaris.<\/td>\n<td style=\"border: 1px solid black;\">Tercers<\/td>\n<td style=\"border: 1px solid black;\">2 anys<\/td>\n<\/tr>\n<tr id=\"PHPSESSID\" align=\"center\">\n<td style=\"border: 1px solid black;\">PHPSESSID<\/td>\n<td style=\"border: 1px solid black;\">Funcionalitat<\/td>\n<td style=\"border: 1px solid black;\">Aquesta cookie \u00e9s usat pel llenguatge d&#8217;encriptat PHP per a permetre que les variables de sessi\u00f3 siguin guardades en el servidor web.<\/td>\n<td style=\"border: 1px solid black;\">Pr\u00f2pia<\/td>\n<td style=\"border: 1px solid black;\">Finalitzaci\u00f3 de la sessi\u00f3<\/td>\n<\/tr>\n<tr id=\"\" align=\"center\">\n<td style=\"border: 1px solid black;\"><\/td>\n<td style=\"border: 1px solid black;\"><\/td>\n<td style=\"border: 1px solid black;\"><\/td>\n<td style=\"border: 1px solid black;\"><\/td>\n<td style=\"border: 1px solid black;\"><\/td>\n<\/tr>\n<tr id=\"\" align=\"center\">\n<td style=\"border: 1px solid black;\"><\/td>\n<td style=\"border: 1px solid black;\"><\/td>\n<td style=\"border: 1px solid black;\"><\/td>\n<td style=\"border: 1px solid black;\"><\/td>\n<td style=\"border: 1px solid black;\"><\/td>\n<\/tr>\n<tr id=\"\" align=\"center\">\n<td style=\"border: 1px solid black;\"><\/td>\n<td style=\"border: 1px solid black;\"><\/td>\n<td style=\"border: 1px solid black;\"><\/td>\n<td style=\"border: 1px solid black;\"><\/td>\n<td style=\"border: 1px solid black;\"><\/td>\n<\/tr>\n<tr id=\"wp-settings-\" align=\"center\">\n<td style=\"border: 1px solid black;\">wp-settings-<\/td>\n<td style=\"border: 1px solid black;\">Funcionalitat<\/td>\n<td style=\"border: 1px solid black;\">Serveix per a personalitzar la Interf\u00edcie d&#8217;Usuari<\/td>\n<td style=\"border: 1px solid black;\">Pr\u00f2pia<\/td>\n<td style=\"border: 1px solid black;\">1 any<\/td>\n<\/tr>\n<tr id=\"wp-settings-time-\" align=\"center\">\n<td style=\"border: 1px solid black;\">wp-settings-time-<\/td>\n<td style=\"border: 1px solid black;\">Funcionalitat<\/td>\n<td style=\"border: 1px solid black;\">Serveix per a personalitzar la Interf\u00edcie d&#8217;Usuari.<\/td>\n<td style=\"border: 1px solid black;\">Pr\u00f2pia<\/td>\n<td style=\"border: 1px solid black;\">Finalitzaci\u00f3 de la sessi\u00f3<\/td>\n<\/tr>\n<tr id=\"catAccCookies\" align=\"center\">\n<td style=\"border: 1px solid black;\">catAccCookies<\/td>\n<td style=\"border: 1px solid black;\">Funcionalitat<\/td>\n<td style=\"border: 1px solid black;\">Cont\u00e9 un codi per a verificar que la pol\u00edtica de cookies ha estat acceptada.<\/td>\n<td style=\"border: 1px solid black;\">Pr\u00f2pia<\/td>\n<td style=\"border: 1px solid black;\">1 dia<\/td>\n<\/tr>\n<tr id=\"gadwp_wg_default_dimension\" align=\"center\">\n<td style=\"border: 1px solid black;\">gadwp_wg_default_dimension<\/td>\n<td style=\"border: 1px solid black;\">Funcionalitat<\/td>\n<td style=\"border: 1px solid black;\">Gestiona la gesti\u00f3 de l&#8217;acc\u00e9s a la web i el desplegament d&#8217;imatges<\/td>\n<td style=\"border: 1px solid black;\">Pr\u00f2pia<\/td>\n<td style=\"border: 1px solid black;\">1 setmana<\/td>\n<\/tr>\n<tr id=\"gadwp_wg_default_metric\" align=\"center\">\n<td style=\"border: 1px solid black;\">gadwp_wg_default_metric<\/td>\n<td style=\"border: 1px solid black;\">Funcionalitat<\/td>\n<td style=\"border: 1px solid black;\">Gestiona la gesti\u00f3 de l&#8217;acc\u00e9s a la web i el desplegament d&#8217;imatges.<\/td>\n<td style=\"border: 1px solid black;\">Pr\u00f2pia<\/td>\n<td style=\"border: 1px solid black;\">1 setmana<\/td>\n<\/tr>\n<tr id=\"wp-wpml_current_language\" align=\"center\">\n<td style=\"border: 1px solid black;\">wp-wpml_current_language<\/td>\n<td style=\"border: 1px solid black;\">Funcionalitat<\/td>\n<td style=\"border: 1px solid black;\">Coockie t\u00e8cnica<\/td>\n<td style=\"border: 1px solid black;\">Tercers<\/td>\n<td style=\"border: 1px solid black;\">1 dia<\/td>\n<\/tr>\n<tr id=\"wp-wpml_current_admin_language_d41d8cd98f00b204e9800998ecf8427e\" align=\"center\">\n<td style=\"border: 1px solid black;\">wp-wpml_current_admin_language_d41d8cd98f00b204e9800998ecf8427e<\/td>\n<td style=\"border: 1px solid black;\">Funcionalitat<\/td>\n<td style=\"border: 1px solid black;\">Coockie t\u00e8cnica<\/td>\n<td style=\"border: 1px solid black;\">Tercers<\/td>\n<td style=\"border: 1px solid black;\">1 dia<\/td>\n<\/tr>\n<tr id=\"cookielawinfo-checkbox-non-necessary\" align=\"center\">\n<td style=\"border: 1px solid black;\">cookielawinfo-checkbox-non-necessary<\/td>\n<td style=\"border: 1px solid black;\">Funcionalitat<\/td>\n<td style=\"border: 1px solid black;\">Coockie t\u00e8cnica<\/td>\n<td style=\"border: 1px solid black;\">Tercers<\/td>\n<td style=\"border: 1px solid black;\">1 dia<\/td>\n<\/tr>\n<tr id=\"viewed_cookie_policy\" align=\"center\">\n<td style=\"border: 1px solid black;\">viewed_cookie_policy<\/td>\n<td style=\"border: 1px solid black;\">Funcionalitat<\/td>\n<td style=\"border: 1px solid black;\">Coockie t\u00e8cnica<\/td>\n<td style=\"border: 1px solid black;\">Tercers<\/td>\n<td style=\"border: 1px solid black;\">1 dia<\/td>\n<\/tr>\n<tr id=\"_fbp\" align=\"center\">\n<td style=\"border: 1px solid black;\">_fbp<\/td>\n<td style=\"border: 1px solid black;\">Funcionalitat<\/td>\n<td style=\"border: 1px solid black;\">Coockie t\u00e8cnica<\/td>\n<td style=\"border: 1px solid black;\">Tercers<\/td>\n<td style=\"border: 1px solid black;\">1 dia<\/td>\n<\/tr>\n<tr id=\"__stripe_mid\" align=\"center\">\n<td style=\"border: 1px solid black;\">__stripe_mid<\/td>\n<td style=\"border: 1px solid black;\">Funcionalitat<\/td>\n<td style=\"border: 1px solid black;\">Coockie t\u00e8cnica<\/td>\n<td style=\"border: 1px solid black;\">Tercers<\/td>\n<td style=\"border: 1px solid black;\">1 dia<\/td>\n<\/tr>\n<tr id=\"mailchimp_cart_current_email\" align=\"center\">\n<td style=\"border: 1px solid black;\">mailchimp_cart_current_email<\/td>\n<td style=\"border: 1px solid black;\">Funcionalitat<\/td>\n<td style=\"border: 1px solid black;\">Coockie t\u00e8cnica<\/td>\n<td style=\"border: 1px solid black;\">Tercers<\/td>\n<td style=\"border: 1px solid black;\">1 dia<\/td>\n<\/tr>\n<tr id=\"mailchimp_cart_previous_email\" align=\"center\">\n<td style=\"border: 1px solid black;\">mailchimp_cart_previous_email<\/td>\n<td style=\"border: 1px solid black;\">Funcionalitat<\/td>\n<td style=\"border: 1px solid black;\">Coockie t\u00e8cnica<\/td>\n<td style=\"border: 1px solid black;\">Tercers<\/td>\n<td style=\"border: 1px solid black;\">1 dia<\/td>\n<\/tr>\n<tr id=\"tk_ai\" align=\"center\">\n<td style=\"border: 1px solid black;\">tk_ai<\/td>\n<td style=\"border: 1px solid black;\">Funcionalitat<\/td>\n<td style=\"border: 1px solid black;\">Coockie t\u00e8cnica<\/td>\n<td style=\"border: 1px solid black;\">Tercers<\/td>\n<td style=\"border: 1px solid black;\">1 dia<\/td>\n<\/tr>\n<tr id=\"tk_tc\" align=\"center\">\n<td style=\"border: 1px solid black;\">tk_tc<\/td>\n<td style=\"border: 1px solid black;\">Funcionalitat<\/td>\n<td style=\"border: 1px solid black;\">Coockie t\u00e8cnica<\/td>\n<td style=\"border: 1px solid black;\">Tercers<\/td>\n<td style=\"border: 1px solid black;\">1 dia<\/td>\n<\/tr>\n<tr id=\"mailchimp_landing_site\" align=\"center\">\n<td style=\"border: 1px solid black;\">mailchimp_landing_site<\/td>\n<td style=\"border: 1px solid black;\">Funcionalitat<\/td>\n<td style=\"border: 1px solid black;\">Coockie t\u00e8cnica<\/td>\n<td style=\"border: 1px solid black;\">Tercers<\/td>\n<td style=\"border: 1px solid black;\">1 dia<\/td>\n<\/tr>\n<tr id=\"wfwaf-authcookie-77f952afaa37d8702efd8134afeaca39\" align=\"center\">\n<td style=\"border: 1px solid black;\">wfwaf-authcookie-77f952afaa37d8702efd8134afeaca39<\/td>\n<td style=\"border: 1px solid black;\">Funcionalitat<\/td>\n<td style=\"border: 1px solid black;\">Coockie t\u00e8cnica<\/td>\n<td style=\"border: 1px solid black;\">Tercers<\/td>\n<td style=\"border: 1px solid black;\">1 dia<\/td>\n<\/tr>\n<tr id=\"cookiesinregistrar\" align=\"center\">\n<td style=\"border: 1px solid black;\">cookiesinregistrar<\/td>\n<td style=\"border: 1px solid black;\">Funcionalitat<\/td>\n<td style=\"border: 1px solid black;\">Desconeixem l&#8217;origen de la cookie<\/td>\n<td style=\"border: 1px solid black;\">Tercers<\/td>\n<td style=\"border: 1px solid black;\">Desconeixem l&#8217;origen de la cookie<\/td>\n<\/tr>\n<\/tbody>\n<\/table>\n<\/div>\n<p>\u00c9s possible que actualitzem la Pol\u00edtica de Cookies del nostre Lloc web, per aix\u00f2 li recomanem revisar aquesta pol\u00edtica cada vegada que accedeixi al nostre Lloc web a l&#8217;objectiu d&#8217;estar adequadament informat sobre com i per a qu\u00e8 usem les cookies.<\/p>\n<p>Si vost\u00e8 no desitja que es guardin cookies en el seu navegador o prefereix rebre una informaci\u00f3 cada vegada que una cookie sol\u00b7liciti instal\u00b7lar-se, pot configurar les seves opcions de navegaci\u00f3 perqu\u00e8 es faci d&#8217;aquesta forma. La major part dels navegadors permeten la gesti\u00f3 de les cookies de 3 formes diferents:<\/p>\n<ul>\n<li>Les cookies s\u00f3n sempre rebutjades;<\/li>\n<li>El navegador pregunta si l&#8217;usuari desitja instal\u00b7lar cada cookie;<\/li>\n<li>Les cookies s\u00f3n sempre acceptades;<\/li>\n<\/ul>\n<p>El seu navegador tamb\u00e9 pot incloure la possibilitat de seleccionar amb detall les cookies que desitja que s&#8217;instal\u00b7lin en el seu ordinador. En concret, l&#8217;usuari pot normalment acceptar alguna de les seg\u00fcents opcions:<\/p>\n<ul>\n<li>Rebutjar les cookies de determinats dominis;<\/li>\n<li>Rebutjar les cookies de tercers;<\/li>\n<li>Acceptar cookies com no persistents (s&#8217;eliminen quan el navegador es tanca);<\/li>\n<li>Permetre al servidor crear cookies per a un domini diferent.<\/li>\n<\/ul>\n<p>Per a permetre, con\u00e8ixer, bloquejar o eliminar les cookies instal\u00b7lades en el seu equip pot fer-ho mitjan\u00e7ant la configuraci\u00f3 de les opcions del navegador instal\u00b7lat en el seu ordinador.<\/p>\n<p>Pot trobar informaci\u00f3 sobre com configurar els navegadors m\u00e9s usats en les seg\u00fcents ubicacions:<\/p>\n<ul>\n<li><strong>Internet Explorer<\/strong>: Eines -&gt; Opcions d&#8217;Internet -&gt; Privacitat -&gt; Configuraci\u00f3. Per a m\u00e9s informaci\u00f3, pot consultar el <a href=\"http:\/\/windows.microsoft.com\/es-ES\/windows\/support\" target=\"_blank\" rel=\"nofollow noopener noreferrer\">suporte de Microsoft<\/a> o l&#8217;Ajuda del navegador.<\/li>\n<li><strong>Firefox<\/strong>: Eines\u00a0-&gt; Opcions\u00a0-&gt; Privacitat\u00a0-&gt; Historial\u00a0-&gt; Configuraci\u00f3 Personalitzada. Per a m\u00e9s informaci\u00f3, pot consultar el\u00a0suport de Mozilla\u00a0o l&#8217;Ajuda del navegador.<\/li>\n<li><strong>Chrome<\/strong>: Configuraci\u00f3 -&gt; Mostrar opcions avan\u00e7ades -&gt; Privacitat -&gt; Configuraci\u00f3 de contingut. Per a m\u00e9s informaci\u00f3, pot consultar el suport de Google o l&#8217;Ajuda del navegador.<\/li>\n<li><strong>Safari<\/strong>: Configuraci\u00f3 -&gt; Mostrar opcions avan\u00e7ades -&gt; Privacitat -&gt; Configuraci\u00f3 de contingut. Per a m\u00e9s informaci\u00f3, pot consultar el suport de Google o l&#8217;Ajuda del navegador.<\/li>\n<\/ul>\n<\/div>\n","protected":false},"excerpt":{"rendered":"<p>POL\u00cdTICA DE COOKIES En la web https:\/\/www.ascef.com (d&#8217;ara endavant, el Lloc web) utilitzem cookies per a facilitar la relaci\u00f3 dels visitants amb el nostre contingut i per a permetre elaborar estad\u00edstiques sobre les visitants que rebem. L&#8217;informem que podem utilitzar cookies amb la finalitat de facilitar la seva navegaci\u00f3 a trav\u00e9s del Lloc web, distingir-li [&hellip;]<\/p>\n","protected":false},"author":1,"featured_media":0,"parent":0,"menu_order":0,"comment_status":"closed","ping_status":"closed","template":"","meta":{"_acf_changed":false,"footnotes":""},"class_list":["post-1478","page","type-page","status-publish","hentry"],"acf":[],"yoast_head":"<!-- This site is optimized with the Yoast SEO plugin v27.4 - https:\/\/yoast.com\/product\/yoast-seo-wordpress\/ -->\n<title>Pol\u00edtica de galetes - ASCEF<\/title>\n<meta name=\"robots\" content=\"index, follow, max-snippet:-1, max-image-preview:large, max-video-preview:-1\" \/>\n<link rel=\"canonical\" href=\"https:\/\/www.ascef.com\/en\/politica-de-galetes\/\" \/>\n<meta property=\"og:locale\" content=\"en_US\" \/>\n<meta property=\"og:type\" content=\"article\" \/>\n<meta property=\"og:title\" content=\"Pol\u00edtica de galetes - ASCEF\" \/>\n<meta property=\"og:description\" content=\"POL\u00cdTICA DE COOKIES En la web https:\/\/www.ascef.com (d&#8217;ara endavant, el Lloc web) utilitzem cookies per a facilitar la relaci\u00f3 dels visitants amb el nostre contingut i per a permetre elaborar estad\u00edstiques sobre les visitants que rebem. L&#8217;informem que podem utilitzar cookies amb la finalitat de facilitar la seva navegaci\u00f3 a trav\u00e9s del Lloc web, distingir-li [&hellip;]\" \/>\n<meta property=\"og:url\" content=\"https:\/\/www.ascef.com\/en\/politica-de-galetes\/\" \/>\n<meta property=\"og:site_name\" content=\"ASCEF\" \/>\n<meta name=\"twitter:card\" content=\"summary_large_image\" \/>\n<meta name=\"twitter:label1\" content=\"Est. reading time\" \/>\n\t<meta name=\"twitter:data1\" content=\"7 minutes\" \/>\n<script type=\"application\/ld+json\" class=\"yoast-schema-graph\">{\"@context\":\"https:\\\/\\\/schema.org\",\"@graph\":[{\"@type\":\"WebPage\",\"@id\":\"https:\\\/\\\/www.ascef.com\\\/en\\\/politica-de-galetes\\\/\",\"url\":\"https:\\\/\\\/www.ascef.com\\\/en\\\/politica-de-galetes\\\/\",\"name\":\"Pol\u00edtica de galetes - ASCEF\",\"isPartOf\":{\"@id\":\"https:\\\/\\\/www.ascef.com\\\/en\\\/#website\"},\"datePublished\":\"2020-03-05T19:42:31+00:00\",\"breadcrumb\":{\"@id\":\"https:\\\/\\\/www.ascef.com\\\/en\\\/politica-de-galetes\\\/#breadcrumb\"},\"inLanguage\":\"en-US\",\"potentialAction\":[{\"@type\":\"ReadAction\",\"target\":[\"https:\\\/\\\/www.ascef.com\\\/en\\\/politica-de-galetes\\\/\"]}]},{\"@type\":\"BreadcrumbList\",\"@id\":\"https:\\\/\\\/www.ascef.com\\\/en\\\/politica-de-galetes\\\/#breadcrumb\",\"itemListElement\":[{\"@type\":\"ListItem\",\"position\":1,\"name\":\"Portada\",\"item\":\"https:\\\/\\\/www.ascef.com\\\/en\\\/\"},{\"@type\":\"ListItem\",\"position\":2,\"name\":\"Pol\u00edtica de galetes\"}]},{\"@type\":\"WebSite\",\"@id\":\"https:\\\/\\\/www.ascef.com\\\/en\\\/#website\",\"url\":\"https:\\\/\\\/www.ascef.com\\\/en\\\/\",\"name\":\"ASCEF\",\"description\":\"Associaci\u00f3 Catalana de l\u2019Empresa Familiar\",\"potentialAction\":[{\"@type\":\"SearchAction\",\"target\":{\"@type\":\"EntryPoint\",\"urlTemplate\":\"https:\\\/\\\/www.ascef.com\\\/en\\\/?s={search_term_string}\"},\"query-input\":{\"@type\":\"PropertyValueSpecification\",\"valueRequired\":true,\"valueName\":\"search_term_string\"}}],\"inLanguage\":\"en-US\"}]}<\/script>\n<!-- \/ Yoast SEO plugin. -->","yoast_head_json":{"title":"Pol\u00edtica de galetes - ASCEF","robots":{"index":"index","follow":"follow","max-snippet":"max-snippet:-1","max-image-preview":"max-image-preview:large","max-video-preview":"max-video-preview:-1"},"canonical":"https:\/\/www.ascef.com\/en\/politica-de-galetes\/","og_locale":"en_US","og_type":"article","og_title":"Pol\u00edtica de galetes - ASCEF","og_description":"POL\u00cdTICA DE COOKIES En la web https:\/\/www.ascef.com (d&#8217;ara endavant, el Lloc web) utilitzem cookies per a facilitar la relaci\u00f3 dels visitants amb el nostre contingut i per a permetre elaborar estad\u00edstiques sobre les visitants que rebem. L&#8217;informem que podem utilitzar cookies amb la finalitat de facilitar la seva navegaci\u00f3 a trav\u00e9s del Lloc web, distingir-li [&hellip;]","og_url":"https:\/\/www.ascef.com\/en\/politica-de-galetes\/","og_site_name":"ASCEF","twitter_card":"summary_large_image","twitter_misc":{"Est. reading time":"7 minutes"},"schema":{"@context":"https:\/\/schema.org","@graph":[{"@type":"WebPage","@id":"https:\/\/www.ascef.com\/en\/politica-de-galetes\/","url":"https:\/\/www.ascef.com\/en\/politica-de-galetes\/","name":"Pol\u00edtica de galetes - ASCEF","isPartOf":{"@id":"https:\/\/www.ascef.com\/en\/#website"},"datePublished":"2020-03-05T19:42:31+00:00","breadcrumb":{"@id":"https:\/\/www.ascef.com\/en\/politica-de-galetes\/#breadcrumb"},"inLanguage":"en-US","potentialAction":[{"@type":"ReadAction","target":["https:\/\/www.ascef.com\/en\/politica-de-galetes\/"]}]},{"@type":"BreadcrumbList","@id":"https:\/\/www.ascef.com\/en\/politica-de-galetes\/#breadcrumb","itemListElement":[{"@type":"ListItem","position":1,"name":"Portada","item":"https:\/\/www.ascef.com\/en\/"},{"@type":"ListItem","position":2,"name":"Pol\u00edtica de galetes"}]},{"@type":"WebSite","@id":"https:\/\/www.ascef.com\/en\/#website","url":"https:\/\/www.ascef.com\/en\/","name":"ASCEF","description":"Associaci\u00f3 Catalana de l\u2019Empresa Familiar","potentialAction":[{"@type":"SearchAction","target":{"@type":"EntryPoint","urlTemplate":"https:\/\/www.ascef.com\/en\/?s={search_term_string}"},"query-input":{"@type":"PropertyValueSpecification","valueRequired":true,"valueName":"search_term_string"}}],"inLanguage":"en-US"}]}},"_links":{"self":[{"href":"https:\/\/www.ascef.com\/en\/wp-json\/wp\/v2\/pages\/1478","targetHints":{"allow":["GET"]}}],"collection":[{"href":"https:\/\/www.ascef.com\/en\/wp-json\/wp\/v2\/pages"}],"about":[{"href":"https:\/\/www.ascef.com\/en\/wp-json\/wp\/v2\/types\/page"}],"author":[{"embeddable":true,"href":"https:\/\/www.ascef.com\/en\/wp-json\/wp\/v2\/users\/1"}],"replies":[{"embeddable":true,"href":"https:\/\/www.ascef.com\/en\/wp-json\/wp\/v2\/comments?post=1478"}],"version-history":[{"count":0,"href":"https:\/\/www.ascef.com\/en\/wp-json\/wp\/v2\/pages\/1478\/revisions"}],"wp:attachment":[{"href":"https:\/\/www.ascef.com\/en\/wp-json\/wp\/v2\/media?parent=1478"}],"curies":[{"name":"wp","href":"https:\/\/api.w.org\/{rel}","templated":true}]}}